{"id":17299,"date":"2026-01-22T08:38:07","date_gmt":"2026-01-22T08:38:07","guid":{"rendered":"https:\/\/giangdonnaofficial.com\/?post_type=product&#038;p=17299"},"modified":"2026-01-22T08:38:07","modified_gmt":"2026-01-22T08:38:07","slug":"ao-dai-chau-sa","status":"publish","type":"product","link":"https:\/\/giangdonnaofficial.com\/vi\/san-pham\/ao-dai-chau-sa\/","title":{"rendered":"\u00c1O D\u00c0I CH\u00c2U SA"},"content":{"rendered":"<p><span class=\"html-span xexx8yu xyri2b x18d9i69 x1c1uobl x1hl2dhg x16tdsg8 x1vvkbs x3nfvp2 x1j61x8r x1fcty0u xdj266r xat24cr xm2jcoa x1mpyi22 xxymvpz xlup9mm x1kky2od\"><img decoding=\"async\" class=\"xz74otr x15mokao x1ga7v0g x16uus16 xbiv7yw\" src=\"https:\/\/static.xx.fbcdn.net\/images\/emoji.php\/v9\/tcd\/2\/16\/25aa.png\" alt=\"\u25aa\ufe0f\" width=\"16\" height=\"16\" \/><\/span>\u00c1o d\u00e0i kim sa \u0111\u1ecf &#8211; Qu\u1ea7n kim sa r\u00eau<\/p>","protected":false},"excerpt":{"rendered":"<p>\u00c1o d\u00e0i kim sa \u0111\u1ecf &#8211; Qu\u1ea7n kim sa r\u00eau<\/p>","protected":false},"featured_media":17300,"comment_status":"open","ping_status":"closed","template":"","meta":[],"product_brand":[],"product_cat":[293,297,267],"product_tag":[],"class_list":{"0":"post-17299","1":"product","2":"type-product","3":"status-publish","4":"has-post-thumbnail","6":"product_cat-ao-dai-2026","7":"product_cat-da-thanh-chau","8":"product_cat-new-arrivals","9":"pa_size-s","10":"pa_size-m","12":"first","13":"instock","14":"taxable","15":"shipping-taxable","16":"purchasable","17":"product-type-variable"},"_links":{"self":[{"href":"https:\/\/giangdonnaofficial.com\/vi\/wp-json\/wp\/v2\/product\/17299","targetHints":{"allow":["GET"]}}],"collection":[{"href":"https:\/\/giangdonnaofficial.com\/vi\/wp-json\/wp\/v2\/product"}],"about":[{"href":"https:\/\/giangdonnaofficial.com\/vi\/wp-json\/wp\/v2\/types\/product"}],"replies":[{"embeddable":true,"href":"https:\/\/giangdonnaofficial.com\/vi\/wp-json\/wp\/v2\/comments?post=17299"}],"wp:featuredmedia":[{"embeddable":true,"href":"https:\/\/giangdonnaofficial.com\/vi\/wp-json\/wp\/v2\/media\/17300"}],"wp:attachment":[{"href":"https:\/\/giangdonnaofficial.com\/vi\/wp-json\/wp\/v2\/media?parent=17299"}],"wp:term":[{"taxonomy":"product_brand","embeddable":true,"href":"https:\/\/giangdonnaofficial.com\/vi\/wp-json\/wp\/v2\/product_brand?post=17299"},{"taxonomy":"product_cat","embeddable":true,"href":"https:\/\/giangdonnaofficial.com\/vi\/wp-json\/wp\/v2\/product_cat?post=17299"},{"taxonomy":"product_tag","embeddable":true,"href":"https:\/\/giangdonnaofficial.com\/vi\/wp-json\/wp\/v2\/product_tag?post=17299"}],"curies":[{"name":"wp","href":"https:\/\/api.w.org\/{rel}","templated":true}]}}