{"id":17191,"date":"2026-01-16T10:36:11","date_gmt":"2026-01-16T10:36:11","guid":{"rendered":"https:\/\/giangdonnaofficial.com\/?post_type=product&#038;p=17191"},"modified":"2026-01-16T10:48:58","modified_gmt":"2026-01-16T10:48:58","slug":"ao-dai-ngoc-yen","status":"publish","type":"product","link":"https:\/\/giangdonnaofficial.com\/vi\/san-pham\/ao-dai-ngoc-yen\/","title":{"rendered":"\u00c1O D\u00c0I NG\u1eccC Y\u00caN"},"content":{"rendered":"<p><span class=\"html-span xexx8yu xyri2b x18d9i69 x1c1uobl x1hl2dhg x16tdsg8 x1vvkbs x3nfvp2 x1j61x8r x1fcty0u xdj266r xat24cr xm2jcoa x1mpyi22 xxymvpz xlup9mm x1kky2od\"><img decoding=\"async\" class=\"xz74otr x15mokao x1ga7v0g x16uus16 xbiv7yw\" src=\"https:\/\/static.xx.fbcdn.net\/images\/emoji.php\/v9\/tcd\/2\/16\/25aa.png\" alt=\"\u25aa\ufe0f\" width=\"16\" height=\"16\" \/><\/span>\u00c1o d\u00e0i v\u00e0ng &#8211; Qu\u1ea7n cam<\/p>\n<p><span class=\"html-span xexx8yu xyri2b x18d9i69 x1c1uobl x1hl2dhg x16tdsg8 x1vvkbs x3nfvp2 x1j61x8r x1fcty0u xdj266r xat24cr xm2jcoa x1mpyi22 xxymvpz xlup9mm x1kky2od\"><img decoding=\"async\" class=\"xz74otr x15mokao x1ga7v0g x16uus16 xbiv7yw\" src=\"https:\/\/static.xx.fbcdn.net\/images\/emoji.php\/v9\/tcd\/2\/16\/25aa.png\" alt=\"\u25aa\ufe0f\" width=\"16\" height=\"16\" \/><\/span>L\u1ee5a t\u01a1 t\u1eb1m Nha X\u00e1 &#8211; d\u1ec7t ch\u00ecm th\u1ee7 c\u00f4ng hoa v\u0103n hoa sen truy\u1ec1n th\u1ed1ng, b\u1ec1 m\u1eb7t \u00e1nh nh\u1eb9, m\u1ec1m tay t\u1ea1o \u0111\u1ed9 r\u1ee7 t\u1ef1 nhi\u00ean v\u1edbi \u0111\u01b0\u1eddng c\u1eaft tinh t\u1ebf \u0111\u1ebfn t\u1eebng chi ti\u1ebft nh\u1ecf, uy\u1ec3n chuy\u1ec3n theo t\u1eebng b\u01b0\u1edbc \u0111i mang \u0111\u1ebfn c\u1ea3m gi\u00e1c bay b\u1ed5ng nh\u01b0ng v\u00f4 c\u00f9ng sang tr\u1ecdng.<\/p>","protected":false},"excerpt":{"rendered":"<p>\u00c1o d\u00e0i v\u00e0ng &#8211; Qu\u1ea7n cam L\u1ee5a t\u01a1 t\u1eb1m Nha X\u00e1 &#8211; d\u1ec7t ch\u00ecm th\u1ee7 c\u00f4ng hoa v\u0103n hoa sen truy\u1ec1n th\u1ed1ng, b\u1ec1 m\u1eb7t \u00e1nh nh\u1eb9, m\u1ec1m tay t\u1ea1o \u0111\u1ed9 r\u1ee7 t\u1ef1 nhi\u00ean v\u1edbi \u0111\u01b0\u1eddng c\u1eaft tinh t\u1ebf \u0111\u1ebfn t\u1eebng chi ti\u1ebft nh\u1ecf, uy\u1ec3n chuy\u1ec3n theo t\u1eebng b\u01b0\u1edbc \u0111i mang \u0111\u1ebfn c\u1ea3m gi\u00e1c bay b\u1ed5ng nh\u01b0ng v\u00f4 c\u00f9ng sang tr\u1ecdng.<\/p>","protected":false},"featured_media":17192,"comment_status":"open","ping_status":"closed","template":"","meta":[],"product_brand":[],"product_cat":[295,267],"product_tag":[],"class_list":{"0":"post-17191","1":"product","2":"type-product","3":"status-publish","4":"has-post-thumbnail","6":"product_cat-hoa-nien-khoi","7":"product_cat-new-arrivals","8":"pa_size-s","9":"pa_size-m","11":"first","12":"onbackorder","13":"taxable","14":"shipping-taxable","15":"purchasable","16":"product-type-variable"},"_links":{"self":[{"href":"https:\/\/giangdonnaofficial.com\/vi\/wp-json\/wp\/v2\/product\/17191","targetHints":{"allow":["GET"]}}],"collection":[{"href":"https:\/\/giangdonnaofficial.com\/vi\/wp-json\/wp\/v2\/product"}],"about":[{"href":"https:\/\/giangdonnaofficial.com\/vi\/wp-json\/wp\/v2\/types\/product"}],"replies":[{"embeddable":true,"href":"https:\/\/giangdonnaofficial.com\/vi\/wp-json\/wp\/v2\/comments?post=17191"}],"wp:featuredmedia":[{"embeddable":true,"href":"https:\/\/giangdonnaofficial.com\/vi\/wp-json\/wp\/v2\/media\/17192"}],"wp:attachment":[{"href":"https:\/\/giangdonnaofficial.com\/vi\/wp-json\/wp\/v2\/media?parent=17191"}],"wp:term":[{"taxonomy":"product_brand","embeddable":true,"href":"https:\/\/giangdonnaofficial.com\/vi\/wp-json\/wp\/v2\/product_brand?post=17191"},{"taxonomy":"product_cat","embeddable":true,"href":"https:\/\/giangdonnaofficial.com\/vi\/wp-json\/wp\/v2\/product_cat?post=17191"},{"taxonomy":"product_tag","embeddable":true,"href":"https:\/\/giangdonnaofficial.com\/vi\/wp-json\/wp\/v2\/product_tag?post=17191"}],"curies":[{"name":"wp","href":"https:\/\/api.w.org\/{rel}","templated":true}]}}