{"id":7287,"date":"2025-03-11T05:43:34","date_gmt":"2025-03-11T05:43:34","guid":{"rendered":"https:\/\/giangdonnaofficial.com\/?page_id=7287"},"modified":"2025-09-15T09:36:47","modified_gmt":"2025-09-15T09:36:47","slug":"faqs","status":"publish","type":"page","link":"https:\/\/giangdonnaofficial.com\/vi\/faqs\/","title":{"rendered":"C\u00e2u h\u1ecfi th\u01b0\u1eddng g\u1eb7p"},"content":{"rendered":"<div data-elementor-type=\"wp-page\" data-elementor-id=\"7287\" class=\"elementor elementor-7287\" data-elementor-post-type=\"page\">\n\t\t\t\t<div class=\"elementor-element elementor-element-acf9abc e-con-full e-flex wpr-particle-no wpr-jarallax-no wpr-parallax-no wpr-sticky-section-no e-con e-parent\" data-id=\"acf9abc\" data-element_type=\"container\" data-settings=\"{&quot;background_background&quot;:&quot;classic&quot;}\">\n\t\t\t\t<\/div>\n\t\t<div class=\"elementor-element elementor-element-4e11193 e-flex e-con-boxed wpr-particle-no wpr-jarallax-no wpr-parallax-no wpr-sticky-section-no e-con e-parent\" data-id=\"4e11193\" data-element_type=\"container\">\n\t\t\t\t\t<div class=\"e-con-inner\">\n\t\t\t\t<div class=\"elementor-element elementor-element-3ad67cc e-n-tabs-mobile elementor-widget elementor-widget-n-tabs\" data-id=\"3ad67cc\" data-element_type=\"widget\" data-settings=\"{&quot;horizontal_scroll&quot;:&quot;disable&quot;}\" data-widget_type=\"nested-tabs.default\">\n\t\t\t\t\t\t\t<div class=\"e-n-tabs\" data-widget-number=\"61695948\" aria-label=\"Tabs. Open items with Enter or Space, close with Escape and navigate using the Arrow keys.\">\n\t\t\t<div class=\"e-n-tabs-heading\" role=\"tablist\">\n\t\t\t\t\t<button id=\"e-n-tab-title-616959481\" data-tab-title-id=\"e-n-tab-title-616959481\" class=\"e-n-tab-title\" aria-selected=\"true\" data-tab-index=\"1\" role=\"tab\" tabindex=\"0\" aria-controls=\"e-n-tab-content-616959481\" style=\"--n-tabs-title-order: 1;\">\n\t\t\t\t\t\t<span class=\"e-n-tab-title-text\">\n\t\t\t\tC\u00e2u h\u1ecfi th\u01b0\u1eddng g\u1eb7p\t\t\t<\/span>\n\t\t<\/button>\n\t\t\t\t<button id=\"e-n-tab-title-616959482\" data-tab-title-id=\"e-n-tab-title-616959482\" class=\"e-n-tab-title\" aria-selected=\"false\" data-tab-index=\"2\" role=\"tab\" tabindex=\"-1\" aria-controls=\"e-n-tab-content-616959482\" style=\"--n-tabs-title-order: 2;\">\n\t\t\t\t\t\t<span class=\"e-n-tab-title-text\">\n\t\t\t\tCH\u00cdNH S\u00c1CH GIAO H\u00c0NG\t\t\t<\/span>\n\t\t<\/button>\n\t\t\t\t<button id=\"e-n-tab-title-616959483\" data-tab-title-id=\"e-n-tab-title-616959483\" class=\"e-n-tab-title\" aria-selected=\"false\" data-tab-index=\"3\" role=\"tab\" tabindex=\"-1\" aria-controls=\"e-n-tab-content-616959483\" style=\"--n-tabs-title-order: 3;\">\n\t\t\t\t\t\t<span class=\"e-n-tab-title-text\">\n\t\t\t\tCh\u00ednh s\u00e1ch \u0111\u1ed5i h\u00e0ng\t\t\t<\/span>\n\t\t<\/button>\n\t\t\t\t<button id=\"e-n-tab-title-616959484\" data-tab-title-id=\"e-n-tab-title-616959484\" class=\"e-n-tab-title\" aria-selected=\"false\" data-tab-index=\"4\" role=\"tab\" tabindex=\"-1\" aria-controls=\"e-n-tab-content-616959484\" style=\"--n-tabs-title-order: 4;\">\n\t\t\t\t\t\t<span class=\"e-n-tab-title-text\">\n\t\t\t\tThanh To\u00e1n\t\t\t<\/span>\n\t\t<\/button>\n\t\t\t\t\t<\/div>\n\t\t\t<div class=\"e-n-tabs-content\">\n\t\t\t\t<div id=\"e-n-tab-content-616959481\" role=\"tabpanel\" aria-labelledby=\"e-n-tab-title-616959481\" data-tab-index=\"1\" style=\"--n-tabs-title-order: 1;\" class=\"e-active elementor-element elementor-element-8db4d6e e-con-full e-flex wpr-particle-no wpr-jarallax-no wpr-parallax-no wpr-sticky-section-no e-con e-child\" data-id=\"8db4d6e\" data-element_type=\"container\">\n\t\t\t\t<div class=\"elementor-element elementor-element-a4c6f28 elementor-widget elementor-widget-text-editor\" data-id=\"a4c6f28\" data-element_type=\"widget\" data-widget_type=\"text-editor.default\">\n\t\t\t\t\t\t\t\t\t<p data-pm-slice=\"0 0 []\"><strong>1. L\u00e0m th\u1ebf n\u00e0o \u0111\u1ec3 t\u1ea1o t\u00e0i kho\u1ea3n?<\/strong><\/p><ul><li>-  Ch\u1ec9 c\u1ea7n nh\u1ea5p v\u00e0o \u201cT\u00e0i kho\u1ea3n\u201d \u1edf g\u00f3c ph\u1ea3i ph\u00eda tr\u00ean website, \u0111i\u1ec1n h\u1ecd t\u00ean v\u00e0 t\u1ea1o m\u1eadt kh\u1ea9u.<\/li><li>- Ngo\u00e0i ra, khi \u0111\u1eb7t h\u00e0ng, b\u1ea1n s\u1ebd \u0111\u01b0\u1ee3c g\u1ee3i \u00fd l\u01b0u th\u00f4ng tin b\u1eb1ng email v\u00e0 m\u1eadt kh\u1ea9u \u0111\u1ec3 thu\u1eadn ti\u1ec7n cho l\u1ea7n mua sau.<\/li><\/ul><p>\u00a0<\/p><p><strong>2. H\u01b0\u1edbng d\u1eabn mua s\u1eafm tr\u00ean giangdonnaofficial.com<\/strong><\/p><ul><li>\u0110\u0103ng k\u00fd t\u00e0i kho\u1ea3n ( kh\u00f4ng b\u1eaft bu\u1ed9c )<\/li><li>Ch\u1ecdn danh m\u1ee5c s\u1ea3n ph\u1ea9m t\u1eeb Trang ch\u1ee7<\/li><li>Ch\u1ecdn s\u1ea3n ph\u1ea9m v\u00e0 th\u00eam v\u00e0o Gi\u1ecf h\u00e0ng<\/li><li>Ki\u1ec3m tra s\u1ea3n ph\u1ea9m \u0111\u00e3 ch\u1ecdn v\u00e0 ti\u1ebfn h\u00e0nh Thanh to\u00e1n<\/li><\/ul><p>\u00a0<\/p><p><strong>3. L\u00e0m th\u1ebf n\u00e0o \u0111\u1ec3 thanh to\u00e1n?<\/strong><\/p><ul><li>Nh\u1eadp th\u00f4ng tin li\u00ean h\u1ec7 v\u00e0 \u0111\u1ecba ch\u1ec9 giao h\u00e0ng<\/li><li>Ch\u1ecdn ph\u01b0\u01a1ng th\u1ee9c thanh to\u00e1n ph\u00f9 h\u1ee3p<\/li><li>Nh\u1ea5n \u201c\u0110\u1eb7t h\u00e0ng\u201d \u0111\u1ec3 ho\u00e0n t\u1ea5t<\/li><\/ul><p>\u00a0<\/p><p><strong>4. T\u00f4i s\u1ebd nh\u1eadn \u0111\u01b0\u1ee3c x\u00e1c nh\u1eadn \u0111\u01a1n h\u00e0ng nh\u01b0 th\u1ebf n\u00e0o?<\/strong><\/p><ul><li>B\u1ea1n s\u1ebd nh\u1eadn \u0111\u01b0\u1ee3c Email x\u00e1c nh\u1eadn \u0111\u01a1n h\u00e0ng<\/li><li>B\u1ed9 ph\u1eadn CSKH s\u1ebd li\u00ean h\u1ec7 qua \u0111i\u1ec7n tho\u1ea1i \u0111\u1ec3 x\u00e1c nh\u1eadn chi ti\u1ebft \u0111\u01a1n h\u00e0ng<\/li><\/ul><p>\u00a0<\/p><p><strong>5. Quy tr\u00ecnh \u0111\u1eb7t h\u00e0ng chi ti\u1ebft ra sao?<\/strong><\/p><ul><li>Truy c\u1eadp giangdonnaofficial.com<\/li><li>T\u00ecm s\u1ea3n ph\u1ea9m b\u1eb1ng c\u00e1ch duy\u1ec7t trong m\u1ee5c \u201cShop\u201d ho\u1eb7c nh\u1eadp t\u00ean\/m\u00e3 s\u1ea3n ph\u1ea9m v\u00e0o thanh T\u00ecm ki\u1ebfm<\/li><li>Ch\u1ecdn size (tham kh\u1ea3o b\u1ea3ng Size Guide) v\u00e0 s\u1ed1 l\u01b0\u1ee3ng. Nh\u1ea5n Th\u00eam v\u00e0o gi\u1ecf \u0111\u1ec3 th\u00eam s\u1ea3n ph\u1ea9m, ho\u1eb7c Ti\u1ebfp t\u1ee5c mua s\u1eafm \u0111\u1ec3 ch\u1ecdn th\u00eam<\/li><li>Nh\u1ea5n Thanh to\u00e1n \u0111\u1ec3 ti\u1ebfn h\u00e0nh \u0111\u1eb7t h\u00e0ng<\/li><li>\u0110i\u1ec1n \u0111\u1ea7y \u0111\u1ee7 th\u00f4ng tin giao h\u00e0ng, nh\u1eadp m\u00e3 khuy\u1ebfn m\u00e3i (n\u1ebfu c\u00f3), ch\u1ecdn ph\u01b0\u01a1ng th\u1ee9c thanh to\u00e1n<\/li><li><strong>Ho\u00e0n t\u1ea5t! \u0110\u01a1n h\u00e0ng c\u1ee7a b\u1ea1n \u0111\u00e3 \u0111\u01b0\u1ee3c ghi nh\u1eadn th\u00e0nh c\u00f4ng<\/strong><\/li><\/ul>\t\t\t\t\t\t\t\t<\/div>\n\t\t\t\t<\/div>\n\t\t<div id=\"e-n-tab-content-616959482\" role=\"tabpanel\" aria-labelledby=\"e-n-tab-title-616959482\" data-tab-index=\"2\" style=\"--n-tabs-title-order: 2;\" class=\"elementor-element elementor-element-d6ec26c e-con-full e-flex wpr-particle-no wpr-jarallax-no wpr-parallax-no wpr-sticky-section-no e-con e-child\" data-id=\"d6ec26c\" data-element_type=\"container\">\n\t\t\t\t<div class=\"elementor-element elementor-element-829643b elementor-widget elementor-widget-text-editor\" data-id=\"829643b\" data-element_type=\"widget\" data-widget_type=\"text-editor.default\">\n\t\t\t\t\t\t\t\t\t<p><b>1. \u0110\u01a1n h\u00e0ng trong n\u01b0\u1edbc<\/b><\/p><ul><li style=\"font-weight: 400;\" aria-level=\"1\"><span style=\"font-weight: 400;\">Giao h\u00e0ng qua c\u00e1c \u0111\u01a1n v\u1ecb v\u1eadn chuy\u1ec3n: GHTK, Viettel Post, GHN,...<\/span><\/li><li style=\"font-weight: 400;\" aria-level=\"1\"><span style=\"font-weight: 400;\">X\u00e1c nh\u1eadn \u0111\u01a1n h\u00e0ng s\u1ebd \u0111\u01b0\u1ee3c g\u1eedi qua email ngay sau khi b\u1ea1n ho\u00e0n t\u1ea5t mua h\u00e0ng tr\u00ean website.<\/span><\/li><li style=\"font-weight: 400;\" aria-level=\"1\"><span style=\"font-weight: 400;\">N\u1ebfu mu\u1ed1n thay \u0111\u1ed5i th\u00f4ng tin giao h\u00e0ng, vui l\u00f2ng li\u00ean h\u1ec7 qua Facebook, Instagram ho\u1eb7c hotline.<\/span><\/li><li style=\"font-weight: 400;\" aria-level=\"1\"><span style=\"font-weight: 400;\">Th\u1eddi gian giao h\u00e0ng: 1 \u2013 4 ng\u00e0y \u0111\u1ed1i v\u1edbi s\u1ea3n ph\u1ea9m c\u00f3 s\u1eb5n. V\u1edbi s\u1ea3n ph\u1ea9m ch\u01b0a c\u00f3 s\u1eb5n, th\u1eddi gian s\u1ebd \u0111\u01b0\u1ee3c th\u00f4ng b\u00e1o khi x\u00e1c nh\u1eadn \u0111\u01a1n.<\/span><\/li><li style=\"font-weight: 400;\" aria-level=\"1\"><span style=\"font-weight: 400;\">L\u01b0u \u00fd: Th\u1eddi gian c\u00f3 th\u1ec3 thay \u0111\u1ed5i do \u0111\u01a1n v\u1ecb v\u1eadn chuy\u1ec3n ho\u1eb7c c\u00e1c d\u1ecbp L\u1ec5, T\u1ebft.<\/span><\/li><\/ul><p>\u00a0<\/p><p><b>2. \u0110\u01a1n h\u00e0ng qu\u1ed1c t\u1ebf<\/b><\/p><ul><li style=\"font-weight: 400;\" aria-level=\"1\"><span style=\"font-weight: 400;\">Giao h\u00e0ng qua c\u00e1c \u0111\u01a1n v\u1ecb: DHL, FedEx, EMS,...<\/span><\/li><li style=\"font-weight: 400;\" aria-level=\"1\"><span style=\"font-weight: 400;\">X\u00e1c nh\u1eadn \u0111\u01a1n h\u00e0ng s\u1ebd \u0111\u01b0\u1ee3c g\u1eedi qua email ngay sau khi b\u1ea1n ho\u00e0n t\u1ea5t mua h\u00e0ng.<\/span><\/li><li style=\"font-weight: 400;\" aria-level=\"1\"><span style=\"font-weight: 400;\">N\u1ebfu mu\u1ed1n thay \u0111\u1ed5i th\u00f4ng tin giao h\u00e0ng, vui l\u00f2ng li\u00ean h\u1ec7 qua Facebook, Instagram ho\u1eb7c email: giangdonna.support@gmail.com<\/span><\/li><li style=\"font-weight: 400;\" aria-level=\"1\"><span style=\"font-weight: 400;\">Th\u1eddi gian giao h\u00e0ng: 5 \u2013 20 ng\u00e0y t\u00f9y qu\u1ed1c gia, h\u1ea3i quan v\u00e0 \u0111i\u1ec1u ki\u1ec7n kh\u00e1c.<\/span><\/li><li style=\"font-weight: 400;\" aria-level=\"1\"><span style=\"font-weight: 400;\">Ph\u00ed giao h\u00e0ng: t\u00ednh theo t\u1eebng qu\u1ed1c gia.<\/span><\/li><li style=\"font-weight: 400;\" aria-level=\"1\"><span style=\"font-weight: 400;\">L\u01b0u \u00fd: Kh\u00f4ng ho\u00e0n ti\u1ec1n cho \u0111\u01a1n qu\u1ed1c t\u1ebf. Vui l\u00f2ng ch\u1eafc ch\u1eafn tr\u01b0\u1edbc khi thanh to\u00e1n. N\u1ebfu c\u1ea7n nh\u1eadn h\u00e0ng tr\u01b0\u1edbc th\u1eddi \u0111i\u1ec3m c\u1ee5 th\u1ec3, h\u00e3y li\u00ean h\u1ec7 v\u1edbi ch\u00fang t\u00f4i \u0111\u1ec3 \u0111\u01b0\u1ee3c t\u01b0 v\u1ea5n tr\u01b0\u1edbc khi \u0111\u1eb7t h\u00e0ng.<\/span><\/li><\/ul><p>\u00a0<\/p><p><b>3. Tr\u00e1ch nhi\u1ec7m v\u1ec1 ch\u1ee9ng t\u1eeb &amp; giao nh\u1eadn<\/b><\/p><ul><li style=\"font-weight: 400;\" aria-level=\"1\"><span style=\"font-weight: 400;\">M\u1ecdi \u0111\u01a1n h\u00e0ng \u0111\u1ec1u \u0111\u01b0\u1ee3c \u0111\u00f3ng g\u00f3i ni\u00eam phong b\u1edfi giangdonnaofficial.com tr\u01b0\u1edbc khi v\u1eadn chuy\u1ec3n.<\/span><\/li><li style=\"font-weight: 400;\" aria-level=\"1\"><span style=\"font-weight: 400;\">\u0110\u01a1n v\u1ecb v\u1eadn chuy\u1ec3n ch\u1ecbu tr\u00e1ch nhi\u1ec7m v\u1eadn chuy\u1ec3n theo nguy\u00ean t\u1eafc \u201cnguy\u00ean \u0111ai, nguy\u00ean ki\u1ec7n\u201d.<\/span><\/li><li style=\"font-weight: 400;\" aria-level=\"1\"><span style=\"font-weight: 400;\">GIANG DONNA cung c\u1ea5p h\u00f3a \u0111\u01a1n b\u00e1n h\u00e0ng khi giao h\u00e0ng.<\/span><\/li><li style=\"font-weight: 400;\" aria-level=\"1\"><span style=\"font-weight: 400;\">Bao b\u00ec \u0111\u01a1n h\u00e0ng ghi r\u00f5: t\u00ean, s\u1ed1 \u0111i\u1ec7n tho\u1ea1i, \u0111\u1ecba ch\u1ec9 ng\u01b0\u1eddi nh\u1eadn v\u00e0 m\u00e3 v\u1eadn \u0111\u01a1n. H\u00f3a \u0111\u01a1n tracking ho\u1eb7c phi\u1ebfu xu\u1ea5t kho (n\u1ebfu c\u00f3) s\u1ebd \u0111\u01b0\u1ee3c g\u1eedi k\u00e8m.<\/span><\/li><\/ul><p>\u00a0<\/p><p><b>4. H\u00e0ng h\u00f3a b\u1ecb h\u01b0 h\u1ecfng trong qu\u00e1 tr\u00ecnh v\u1eadn chuy\u1ec3n<\/b><\/p><ul><li style=\"font-weight: 400;\" aria-level=\"1\"><span style=\"font-weight: 400;\">D\u00f9 \u0111\u01a1n h\u00e0ng \u0111\u01b0\u1ee3c v\u1eadn chuy\u1ec3n b\u1edfi GIANG DONNA hay b\u00ean th\u1ee9 ba, ch\u00fang t\u00f4i v\u1eabn ch\u1ecbu tr\u00e1ch nhi\u1ec7m gi\u1ea3i quy\u1ebft cho kh\u00e1ch h\u00e0ng.<\/span><\/li><li style=\"font-weight: 400;\" aria-level=\"1\"><span style=\"font-weight: 400;\">N\u1ebfu c\u00f3 ch\u1eadm tr\u1ec5 trong giao h\u00e0ng, ch\u00fang t\u00f4i s\u1ebd th\u00f4ng b\u00e1o k\u1ecbp th\u1eddi \u0111\u1ec3 kh\u00e1ch l\u1ef1a ch\u1ecdn: ti\u1ebfp t\u1ee5c ch\u1edd ho\u1eb7c h\u1ee7y \u0111\u01a1n.<\/span><\/li><\/ul>\t\t\t\t\t\t\t\t<\/div>\n\t\t\t\t<\/div>\n\t\t<div id=\"e-n-tab-content-616959483\" role=\"tabpanel\" aria-labelledby=\"e-n-tab-title-616959483\" data-tab-index=\"3\" style=\"--n-tabs-title-order: 3;\" class=\"elementor-element elementor-element-7e90b5e e-con-full e-flex wpr-particle-no wpr-jarallax-no wpr-parallax-no wpr-sticky-section-no e-con e-child\" data-id=\"7e90b5e\" data-element_type=\"container\">\n\t\t\t\t<div class=\"elementor-element elementor-element-2db33ec elementor-widget elementor-widget-text-editor\" data-id=\"2db33ec\" data-element_type=\"widget\" data-widget_type=\"text-editor.default\">\n\t\t\t\t\t\t\t\t\t<ul><li style=\"font-weight: 400;\" aria-level=\"1\"><span style=\"font-weight: 400;\">Theo quy \u0111\u1ecbnh v\u1eadn chuy\u1ec3n, \u0111\u01a1n h\u00e0ng online s\u1ebd KH\u00d4NG XEM H\u00c0NG TR\u01af\u1edaC THANH TO\u00c1N.<\/span><\/li><li style=\"font-weight: 400;\" aria-level=\"1\"><span style=\"font-weight: 400;\">Kh\u00e1ch h\u00e0ng \u0111\u01b0\u1ee3c quy\u1ec1n \u0111\u1ed5i trong v\u00f2ng 03 ng\u00e0y n\u1ebfu c\u00f3 l\u1ed7i t\u1eeb s\u1ea3n ph\u1ea9m ho\u1eb7c t\u01b0 v\u1ea5n.<\/span><\/li><li style=\"font-weight: 400;\" aria-level=\"1\"><span style=\"font-weight: 400;\">Vui l\u00f2ng quay clip khui h\u00e0ng \u0111\u1ec3 thu\u1eadn ti\u1ec7n \u0111\u1ed1i ch\u1ee9ng trong tr\u01b0\u1eddng h\u1ee3p \u0111\u01a1n h\u00e0ng ph\u00e1t sinh v\u1ea5n \u0111\u1ec1.<\/span><\/li><li style=\"font-weight: 400;\" aria-level=\"1\"><span style=\"font-weight: 400;\">Kh\u00f4ng \u00e1p d\u1ee5ng tr\u1ea3 h\u00e0ng, ch\u1ec9 h\u1ed7 tr\u1ee3 \u0111\u1ed5i s\u1ea3n ph\u1ea9m c\u00f3 gi\u00e1 tr\u1ecb b\u1eb1ng ho\u1eb7c cao h\u01a1n.<\/span><\/li><\/ul><p>\u00a0<\/p><p><b><i>Tr\u01b0\u1eddng h\u1ee3p \u00e1p d\u1ee5ng ph\u00ed v\u1eadn chuy\u1ec3n:<\/i><\/b><\/p><ul><li style=\"font-weight: 400;\" aria-level=\"1\"><span style=\"font-weight: 400;\">N\u1ebfu s\u1ea3n ph\u1ea9m c\u00f3 l\u1ed7i t\u1eeb nh\u00e0 s\u1ea3n xu\u1ea5t \/ giao nh\u1ea7m size, m\u00e0u \u2192 shop ch\u1ecbu ph\u00ed ship.<\/span><\/li><li style=\"font-weight: 400;\" aria-level=\"1\"><span style=\"font-weight: 400;\">N\u1ebfu l\u1ed7i t\u1eeb ph\u00eda kh\u00e1ch (ch\u1ecdn nh\u1ea7m size, \u0111\u1ed5i \u00fd) \u2192 kh\u00e1ch ch\u1ecbu ph\u00ed ship.<\/span><\/li><\/ul><p>\u00a0<\/p><p><b><i>\u0110i\u1ec1u ki\u1ec7n \u0111\u1ed5i h\u00e0ng:<\/i><\/b><\/p><ul><li style=\"font-weight: 400;\" aria-level=\"1\"><span style=\"font-weight: 400;\">\u0110\u1ed5i size\/s\u1ea3n ph\u1ea9m trong v\u00f2ng 03 ng\u00e0y k\u1ec3 t\u1eeb khi nh\u1eadn h\u00e0ng.<\/span><\/li><li style=\"font-weight: 400;\" aria-level=\"1\"><span style=\"font-weight: 400;\">Kh\u00e1ch c\u1ea7n b\u00e1o trong v\u00f2ng 24h sau khi nh\u1eadn h\u00e0ng \u0111\u1ec3 \u0111\u01b0\u1ee3c h\u1ed7 tr\u1ee3.<\/span><\/li><li style=\"font-weight: 400;\" aria-level=\"1\"><span style=\"font-weight: 400;\">S\u1ea3n ph\u1ea9m \u0111\u1ed5i tr\u1ea3 ph\u1ea3i c\u00f2n nguy\u00ean tag, ch\u01b0a qua s\u1eed d\u1ee5ng, ch\u01b0a gi\u1eb7t.<\/span><\/li><li style=\"font-weight: 400;\" aria-level=\"1\"><span style=\"font-weight: 400;\">Kh\u00f4ng nh\u1eadn \u0111\u1ed5i s\u1ea3n ph\u1ea9m SALE.<\/span><\/li><\/ul><p>\u00a0<\/p><p><b><i>Quy tr\u00ecnh \u0111\u1ed5i h\u00e0ng (4 b\u01b0\u1edbc):<\/i><\/b><\/p><ol><li style=\"font-weight: 400;\" aria-level=\"1\"><span style=\"font-weight: 400;\">G\u1ecdi hotline ho\u1eb7c nh\u1eafn tin qua FB\/IG, cung c\u1ea5p th\u00f4ng tin \u0111\u01a1n h\u00e0ng v\u00e0 m\u00e3 s\u1ea3n ph\u1ea9m c\u1ea7n \u0111\u1ed5i.<\/span><\/li><li style=\"font-weight: 400;\" aria-level=\"1\"><span style=\"font-weight: 400;\">G\u1eedi s\u1ea3n ph\u1ea9m v\u1ec1 \u0111\u1ecba ch\u1ec9: C\u1eeda h\u00e0ng Giang Donna, 25 Tr\u1ea7n Quang Di\u1ec7u, P.13, Q.3, TP.HCM.<\/span><\/li><li style=\"font-weight: 400;\" aria-level=\"1\"><span style=\"font-weight: 400;\">GD ki\u1ec3m tra s\u1ea3n ph\u1ea9m c\u1ea7n \u0111\u1ed5i.<\/span><\/li><li style=\"font-weight: 400;\" aria-level=\"1\"><span style=\"font-weight: 400;\">GD g\u1eedi l\u1ea1i s\u1ea3n ph\u1ea9m \u0111\u1ed5i cho kh\u00e1ch. Tr\u01b0\u1eddng h\u1ee3p h\u1ebft h\u00e0ng\/size, GD s\u1ebd li\u00ean h\u1ec7 kh\u00e1ch \u0111\u1ec3 x\u00e1c nh\u1eadn \u0111\u1ed5i sang s\u1ea3n ph\u1ea9m kh\u00e1c.<\/span><\/li><\/ol>\t\t\t\t\t\t\t\t<\/div>\n\t\t\t\t<\/div>\n\t\t<div id=\"e-n-tab-content-616959484\" role=\"tabpanel\" aria-labelledby=\"e-n-tab-title-616959484\" data-tab-index=\"4\" style=\"--n-tabs-title-order: 4;\" class=\"elementor-element elementor-element-f7d15a5 e-con-full e-flex wpr-particle-no wpr-jarallax-no wpr-parallax-no wpr-sticky-section-no e-con e-child\" data-id=\"f7d15a5\" data-element_type=\"container\">\n\t\t\t\t<div class=\"elementor-element elementor-element-bcc0a07 elementor-widget elementor-widget-text-editor\" data-id=\"bcc0a07\" data-element_type=\"widget\" data-widget_type=\"text-editor.default\">\n\t\t\t\t\t\t\t\t\t<p><b><i>Ch\u00ednh s\u00e1ch thanh to\u00e1n<\/i><\/b><\/p><ul><li><b>Thanh to\u00e1n khi nh\u1eadn h\u00e0ng (COD)<\/b><span style=\"font-weight: 400;\"> Qu\u00fd kh\u00e1ch c\u00f3 th\u1ec3 thanh to\u00e1n tr\u1ef1c ti\u1ebfp b\u1eb1ng ti\u1ec1n m\u1eb7t cho \u0111\u01a1n h\u00e0ng giao t\u1eadn n\u01a1i.<\/span><span style=\"font-weight: 400;\"><br \/><br \/><\/span><\/li><li><b>Chuy\u1ec3n kho\u1ea3n ng\u00e2n h\u00e0ng<\/b><span style=\"font-weight: 400;\"> Th\u1ef1c hi\u1ec7n thanh to\u00e1n qua s\u1ed1 t\u00e0i kho\u1ea3n ho\u1eb7c m\u00e3 QR \u0111\u01b0\u1ee3c cung c\u1ea5p.<\/span><span style=\"font-weight: 400;\"><br \/><br \/><\/span><\/li><li><b>Thanh to\u00e1n online:<\/b><span style=\"font-weight: 400;\"> H\u1ed7 tr\u1ee3 c\u00e1c ph\u01b0\u01a1ng th\u1ee9c qu\u1ed1c t\u1ebf nh\u01b0 <\/span><b>PayPal, Visa, and MasterCard<\/b><span style=\"font-weight: 400;\">.<\/span><span style=\"font-weight: 400;\"><br \/><\/span><\/li><\/ul>\t\t\t\t\t\t\t\t<\/div>\n\t\t\t\t<\/div>\n\t\t\t\t\t<\/div>\n\t\t<\/div>\n\t\t\t\t\t\t<\/div>\n\t\t\t\t\t<\/div>\n\t\t\t\t<\/div>\n\t\t\t\t<\/div>","protected":false},"excerpt":{"rendered":"<p>FAQs Shipping Policy Exchange Policy Payments 1. How do I create an account? Simply click on \u201cMy Account\u201d at the top right corner, enter your first and last name, and create a password. Alternatively, when placing an order, you will be prompted to save your information with your email address and password for future convenience. \u00a0 2. How do I shop on giangdonnaofficial.com? Register your account Select a category from the Home Page Choose a product and add it to your Shopping Bag Review your selected items and proceed to Payment \u00a0 3. How do I make a payment? Enter your contact details and shipping address Select your preferred payment method Click \u201cPlace your order\u201d to complete the purchase \u00a0 4. How will I receive my order confirmation? You will receive a Confirmation Email Our Customer Service team will call to confirm your order details \u00a0 5.What is the detailed shopping process? Access giangdonnaofficial.com Search for a product via the \u201cShop\u201d tab or type the product name\/code into the Search bar Select your size (refer to our Size Guide) and quantity. Click Add To Bag to add the item, or Continue Shopping to browse more Click Checkout to proceed to payment Fill in all shipping details, apply promotion code (if any), and select your payment method All done! Your order has been successfully placed 1. Domestic Orders Shipped via local carriers such as GHTK, Viettel Post, GHN,&#8230; A confirmation email will be sent right after you complete your purchase on our website. For any shipping information changes, please contact us via Facebook, Instagram, or hotline. Delivery time: 1 \u2013 4 days for available items. For made-to-order or out-of-stock items, the delivery time will be confirmed upon order confirmation. Note: Delivery time may vary during holidays or due to the courier\u2019s schedule. \u00a0 2. International Orders Shipped via DHL, FedEx, EMS,&#8230; A confirmation email will be sent once your order is completed. For shipping information updates, please contact us via Facebook, Instagram, or email: giangdonna.support@gmail.com Delivery time: 5 \u2013 20 days depending on the destination country, customs, and other conditions. Shipping fees: calculated by country. Important: No refunds for international orders. Please ensure your order details are correct before payment. If you require delivery by a specific date, contact us before placing your order for consultation. \u00a0 3. Responsibility for Documentation &amp; Logistics All orders are pre-packed and sealed by giangdonna.vn before shipping. Carriers are responsible for transporting goods under the principle of \u201cintact package.\u201d GIANG DONNA provides a sales invoice upon delivery. Each package includes recipient details (name, phone number, address), order tracking code, and invoice\/tracking slip (if available). \u00a0 4. Damaged Goods During Shipping Whether shipped by GIANG DONNA or a third party, we will take full responsibility for resolving any damage caused during delivery. In case of shipping delays, we will promptly notify customers, who may choose to cancel the order or continue waiting. According to shipping regulations, online orders cannot be checked before payment. Customers are eligible to request an exchange within 3 days if the product has a manufacturing defect or was advised incorrectly. Please record a video while unboxing your order to facilitate verification in case of any issues. No refunds. Exchanges only for items of equal or higher value. \u00a0 Shipping fee responsibility: If the item has a manufacturing defect \/ wrong size or color delivered \u2192 GIANG DONNA covers the shipping cost. If the error is from the customer (wrong size choice, change of mind) \u2192 customer covers the shipping cost. \u00a0 Exchange conditions: Request must be made within 24 hours after receiving the order. Items must be exchanged within 3 days from the date of receipt. Products must remain unworn, unwashed, and with original tags intact. Sale items are non-exchangeable. \u00a0 Exchange procedure (4 steps): Contact our hotline or message us via FB\/IG, providing your order information and the product code you wish to exchange. Send the item back to: GIANG DONNA Store, 25 Tr\u1ea7n Quang Di\u1ec7u, Ward 13, District 3, HCMC. GD will inspect the returned item. GD will send the replacement item to you. If the requested size\/item is out of stock, we will contact you to confirm an alternative option. Payment Policy: Cash on Delivery (COD): Pay in cash upon receiving your order. Bank Transfer: Complete your payment via bank account details or QR code provided. Online Payment: We accept international payment methods including PayPal, Visa, and MasterCard. 1. How do I create an account? Simply click on \u201cMy Account\u201d at the top right corner, enter your first and last name, and create a password. Alternatively, when placing an order, you will be prompted to save your information with your email address and password for future convenience. \u00a0 2. How do I shop on giangdonnaofficial.com? Register your account Select a category from the Home Page Choose a product and add it to your Shopping Bag Review your selected items and proceed to Payment \u00a0 3. How do I make a payment? Enter your contact details and shipping address Select your preferred payment method Click \u201cPlace your order\u201d to complete the purchase \u00a0 4. How will I receive my order confirmation? You will receive a Confirmation Email Our Customer Service team will call to confirm your order details \u00a0 5.What is the detailed shopping process? Access giangdonnaofficial.com Search for a product via the \u201cShop\u201d tab or type the product name\/code into the Search bar Select your size (refer to our Size Guide) and quantity. Click Add To Bag to add the item, or Continue Shopping to browse more Click Checkout to proceed to payment Fill in all shipping details, apply promotion code (if any), and select your payment method All done! Your order has been successfully placed 1. Domestic Orders Shipped via local carriers such as GHTK, Viettel Post, GHN,&#8230; A confirmation email will be sent right after you complete your purchase on our website. For any shipping information changes, please contact us via Facebook, Instagram, or hotline. Delivery<\/p>","protected":false},"author":1,"featured_media":0,"parent":0,"menu_order":0,"comment_status":"closed","ping_status":"closed","template":"elementor_canvas","meta":{"footnotes":""},"class_list":["post-7287","page","type-page","status-publish","hentry"],"_links":{"self":[{"href":"https:\/\/giangdonnaofficial.com\/vi\/wp-json\/wp\/v2\/pages\/7287","targetHints":{"allow":["GET"]}}],"collection":[{"href":"https:\/\/giangdonnaofficial.com\/vi\/wp-json\/wp\/v2\/pages"}],"about":[{"href":"https:\/\/giangdonnaofficial.com\/vi\/wp-json\/wp\/v2\/types\/page"}],"author":[{"embeddable":true,"href":"https:\/\/giangdonnaofficial.com\/vi\/wp-json\/wp\/v2\/users\/1"}],"replies":[{"embeddable":true,"href":"https:\/\/giangdonnaofficial.com\/vi\/wp-json\/wp\/v2\/comments?post=7287"}],"version-history":[{"count":49,"href":"https:\/\/giangdonnaofficial.com\/vi\/wp-json\/wp\/v2\/pages\/7287\/revisions"}],"predecessor-version":[{"id":16099,"href":"https:\/\/giangdonnaofficial.com\/vi\/wp-json\/wp\/v2\/pages\/7287\/revisions\/16099"}],"wp:attachment":[{"href":"https:\/\/giangdonnaofficial.com\/vi\/wp-json\/wp\/v2\/media?parent=7287"}],"curies":[{"name":"wp","href":"https:\/\/api.w.org\/{rel}","templated":true}]}}