{"id":15899,"date":"2025-09-10T16:30:33","date_gmt":"2025-09-10T16:30:33","guid":{"rendered":"https:\/\/giangdonnaofficial.com\/?page_id=15899"},"modified":"2025-09-10T16:30:52","modified_gmt":"2025-09-10T16:30:52","slug":"corsets","status":"publish","type":"page","link":"https:\/\/giangdonnaofficial.com\/vi\/corsets\/","title":{"rendered":"Corsets"},"content":{"rendered":"<div data-elementor-type=\"wp-page\" data-elementor-id=\"15899\" class=\"elementor elementor-15899\" data-elementor-post-type=\"page\">\n\t\t\t\t<div class=\"elementor-element elementor-element-a194161 e-con-full e-flex wpr-particle-no wpr-jarallax-no wpr-parallax-no wpr-sticky-section-no e-con e-parent\" data-id=\"a194161\" data-element_type=\"container\">\n\t\t\t\t<div class=\"elementor-element elementor-element-de15651 elementor-widget elementor-widget-shortcode\" data-id=\"de15651\" data-element_type=\"widget\" data-widget_type=\"shortcode.default\">\n\t\t\t\t\t\t\t<div class=\"elementor-shortcode\"><div class=\"woocommerce columns-4\">        <div class=\"qa-fanci-toolbar qaft-v121\" role=\"region\" aria-label=\"Product toolbar\">\n            <div class=\"qaft-side qaft-left\">\n                <details class=\"qaft-details\">\n                  <summary class=\"qaft-btn\" data-no-translation=\"\" data-trp-gettext=\"\">S\u1eafp x\u1ebfp theo<\/summary>\n                  <form class=\"qaft-radio-list\" method=\"get\" action=\"\" data-trp-original-action=\"\">\n                                          <label for=\"qaft-order-menu_order\" class=\"qaft-radio\">\n                        <input type=\"radio\" id=\"qaft-order-menu_order\" name=\"orderby\" value=\"menu_order\" checked>\n                        <span class=\"qaft-radio-text\" data-no-translation=\"\" data-trp-gettext=\"\">M\u1eb7c \u0111\u1ecbnh<\/span>\n                      <\/label>\n                                          <label for=\"qaft-order-popularity\" class=\"qaft-radio\">\n                        <input type=\"radio\" id=\"qaft-order-popularity\" name=\"orderby\" value=\"popularity\" >\n                        <span class=\"qaft-radio-text\" data-no-translation=\"\" data-trp-gettext=\"\">Ph\u1ed5 bi\u1ebfn<\/span>\n                      <\/label>\n                                          <label for=\"qaft-order-rating\" class=\"qaft-radio\">\n                        <input type=\"radio\" id=\"qaft-order-rating\" name=\"orderby\" value=\"rating\" >\n                        <span class=\"qaft-radio-text\" data-no-translation=\"\" data-trp-gettext=\"\">\u0110\u00e1nh gi\u00e1 trung b\u00ecnh<\/span>\n                      <\/label>\n                                          <label for=\"qaft-order-date\" class=\"qaft-radio\">\n                        <input type=\"radio\" id=\"qaft-order-date\" name=\"orderby\" value=\"date\" >\n                        <span class=\"qaft-radio-text\" data-no-translation=\"\" data-trp-gettext=\"\">M\u1edbi nh\u1ea5t<\/span>\n                      <\/label>\n                                          <label for=\"qaft-order-price\" class=\"qaft-radio\">\n                        <input type=\"radio\" id=\"qaft-order-price\" name=\"orderby\" value=\"price\" >\n                        <span class=\"qaft-radio-text\" data-no-translation=\"\" data-trp-gettext=\"\">Price: Low to High<\/span>\n                      <\/label>\n                                          <label for=\"qaft-order-price-desc\" class=\"qaft-radio\">\n                        <input type=\"radio\" id=\"qaft-order-price-desc\" name=\"orderby\" value=\"price-desc\" >\n                        <span class=\"qaft-radio-text\" data-no-translation=\"\" data-trp-gettext=\"\">Price: High to Low<\/span>\n                      <\/label>\n                                                            <button type=\"submit\" class=\"qaft-apply\" data-no-translation=\"\" data-trp-gettext=\"\">\u00c1p d\u1ee5ng<\/button>\n                  <input type=\"hidden\" name=\"trp-form-language\" value=\"vi\"\/><\/form>\n                <\/details>\n            <\/div>\n\n            <div class=\"qaft-center\">\n                                    <div class=\"qaft-title\">Corsets<\/div>\n                                <div class=\"qaft-count\">6 products<\/div>\n            <\/div>\n\n            <div class=\"qaft-side qaft-right\">\n                <a href=\"#\" class=\"qaft-btn qaft-filter-toggle\" data-no-translation=\"\" data-trp-gettext=\"\">L\u1ecdc<\/a>\n            <\/div>\n        <\/div>\n        <div class=\"woocommerce-notices-wrapper\"><\/div><ul class=\"products columns-4\">\n<li class=\"product type-product post-17463 status-publish first instock product_cat-bloom-to-glam product_cat-corsets product_cat-new-arrivals has-post-thumbnail taxable shipping-taxable purchasable product-type-variable\">\n\t<div style=\"\" id=\"ws247-piew-product-17463\" class=\"ws247-piew-hover\"><a href=\"https:\/\/giangdonnaofficial.com\/vi\/san-pham\/wicked-top-2\/\" class=\"woocommerce-LoopProduct-link woocommerce-loop-product__link\"><div class=\"ws247-piew-imgs-container\"><img fetchpriority=\"high\" decoding=\"async\" width=\"1638\" height=\"2048\" src=\"https:\/\/giangdonnaofficial.com\/wp-content\/uploads\/2026\/03\/Thiet-ke-chua-co-ten-21-7.jpg\" class=\"attachment-woocommerce_thumbnail size-woocommerce_thumbnail\" alt=\"WICKED TOP\" srcset=\"https:\/\/giangdonnaofficial.com\/wp-content\/uploads\/2026\/03\/Thiet-ke-chua-co-ten-21-7.jpg 1638w, https:\/\/giangdonnaofficial.com\/wp-content\/uploads\/2026\/03\/Thiet-ke-chua-co-ten-21-7-240x300.jpg 240w, https:\/\/giangdonnaofficial.com\/wp-content\/uploads\/2026\/03\/Thiet-ke-chua-co-ten-21-7-819x1024.jpg 819w, https:\/\/giangdonnaofficial.com\/wp-content\/uploads\/2026\/03\/Thiet-ke-chua-co-ten-21-7-768x960.jpg 768w, https:\/\/giangdonnaofficial.com\/wp-content\/uploads\/2026\/03\/Thiet-ke-chua-co-ten-21-7-1229x1536.jpg 1229w, https:\/\/giangdonnaofficial.com\/wp-content\/uploads\/2026\/03\/Thiet-ke-chua-co-ten-21-7-10x12.jpg 10w, https:\/\/giangdonnaofficial.com\/wp-content\/uploads\/2026\/03\/Thiet-ke-chua-co-ten-21-7-64x80.jpg 64w\" sizes=\"(max-width: 1638px) 100vw, 1638px\" \/><img decoding=\"async\" src=\"https:\/\/giangdonnaofficial.com\/wp-content\/uploads\/2026\/03\/Thiet-ke-chua-co-ten-20-7.jpg\" alt=\"WICKED TOP\" class=\"ws-hover-img\" \/><\/div><!-- .ws247-piew-imgs-container --><h2 class=\"woocommerce-loop-product__title\">WICKED TOP<\/h2>\n\t<span class=\"price\"><span class=\"wcpbc-price wcpbc-price-17463\" data-product-id=\"17463\"><span class=\"woocommerce-Price-amount amount\"><bdi>850.000&nbsp;<span class=\"woocommerce-Price-currencySymbol\">&#8363;<\/span><\/bdi><\/span><\/span><\/span>\n<\/a><a href=\"https:\/\/giangdonnaofficial.com\/vi\/san-pham\/wicked-top-2\/\" aria-describedby=\"woocommerce_loop_add_to_cart_link_describedby_17463\" data-quantity=\"1\" class=\"button product_type_variable add_to_cart_button cfvsw_ajax_add_to_cart ws247_piew_atc\" data-product_id=\"17463\" data-product_sku=\"\" aria-label=\"L\u1ef1a ch\u1ecdn cho \u201cWICKED TOP\u201d\" rel=\"nofollow\" data-add_to_cart_text=\"Add to Cart\" data-select_options_text=\"L\u1ef1a ch\u1ecdn t\u00f9y ch\u1ecdn\" data-no-translation=\"\" data-trp-gettext=\"\" data-no-translation-aria-label=\"\" data-no-translation-data-select_options_text=\"\">L\u1ef1a ch\u1ecdn t\u00f9y ch\u1ecdn<\/a>\t<span id=\"woocommerce_loop_add_to_cart_link_describedby_17463\" class=\"screen-reader-text\">\n\t\tS\u1ea3n ph\u1ea9m n\u00e0y c\u00f3 nhi\u1ec1u bi\u1ebfn th\u1ec3. C\u00e1c t\u00f9y ch\u1ecdn c\u00f3 th\u1ec3 \u0111\u01b0\u1ee3c ch\u1ecdn tr\u00ean trang s\u1ea3n ph\u1ea9m\t<\/span>\n<\/div><\/li>\n<li class=\"product type-product post-17431 status-publish instock product_cat-bloom-to-glam product_cat-corsets product_cat-new-arrivals has-post-thumbnail taxable shipping-taxable purchasable product-type-variable\">\n\t<div style=\"\" id=\"ws247-piew-product-17431\" class=\"ws247-piew-hover\"><a href=\"https:\/\/giangdonnaofficial.com\/vi\/san-pham\/veil-top-2\/\" class=\"woocommerce-LoopProduct-link woocommerce-loop-product__link\"><div class=\"ws247-piew-imgs-container\"><img decoding=\"async\" width=\"1638\" height=\"2048\" src=\"https:\/\/giangdonnaofficial.com\/wp-content\/uploads\/2026\/03\/Thiet-ke-chua-co-ten-29-1.jpg\" class=\"attachment-woocommerce_thumbnail size-woocommerce_thumbnail\" alt=\"VEIL TOP\" srcset=\"https:\/\/giangdonnaofficial.com\/wp-content\/uploads\/2026\/03\/Thiet-ke-chua-co-ten-29-1.jpg 1638w, https:\/\/giangdonnaofficial.com\/wp-content\/uploads\/2026\/03\/Thiet-ke-chua-co-ten-29-1-240x300.jpg 240w, https:\/\/giangdonnaofficial.com\/wp-content\/uploads\/2026\/03\/Thiet-ke-chua-co-ten-29-1-819x1024.jpg 819w, https:\/\/giangdonnaofficial.com\/wp-content\/uploads\/2026\/03\/Thiet-ke-chua-co-ten-29-1-768x960.jpg 768w, https:\/\/giangdonnaofficial.com\/wp-content\/uploads\/2026\/03\/Thiet-ke-chua-co-ten-29-1-1229x1536.jpg 1229w, https:\/\/giangdonnaofficial.com\/wp-content\/uploads\/2026\/03\/Thiet-ke-chua-co-ten-29-1-10x12.jpg 10w, https:\/\/giangdonnaofficial.com\/wp-content\/uploads\/2026\/03\/Thiet-ke-chua-co-ten-29-1-64x80.jpg 64w\" sizes=\"(max-width: 1638px) 100vw, 1638px\" \/><img decoding=\"async\" src=\"https:\/\/giangdonnaofficial.com\/wp-content\/uploads\/2026\/03\/Thiet-ke-chua-co-ten-20-4.jpg\" alt=\"VEIL TOP\" class=\"ws-hover-img\" \/><\/div><!-- .ws247-piew-imgs-container --><h2 class=\"woocommerce-loop-product__title\">VEIL TOP<\/h2>\n\t<span class=\"price\"><span class=\"wcpbc-price wcpbc-price-17431\" data-product-id=\"17431\"><span class=\"woocommerce-Price-amount amount\"><bdi>850.000&nbsp;<span class=\"woocommerce-Price-currencySymbol\">&#8363;<\/span><\/bdi><\/span><\/span><\/span>\n<\/a><a href=\"https:\/\/giangdonnaofficial.com\/vi\/san-pham\/veil-top-2\/\" aria-describedby=\"woocommerce_loop_add_to_cart_link_describedby_17431\" data-quantity=\"1\" class=\"button product_type_variable add_to_cart_button cfvsw_ajax_add_to_cart ws247_piew_atc\" data-product_id=\"17431\" data-product_sku=\"\" aria-label=\"L\u1ef1a ch\u1ecdn cho \u201cVEIL TOP\u201d\" rel=\"nofollow\" data-add_to_cart_text=\"Add to Cart\" data-select_options_text=\"L\u1ef1a ch\u1ecdn t\u00f9y ch\u1ecdn\" data-no-translation=\"\" data-trp-gettext=\"\" data-no-translation-aria-label=\"\" data-no-translation-data-select_options_text=\"\">L\u1ef1a ch\u1ecdn t\u00f9y ch\u1ecdn<\/a>\t<span id=\"woocommerce_loop_add_to_cart_link_describedby_17431\" class=\"screen-reader-text\">\n\t\tS\u1ea3n ph\u1ea9m n\u00e0y c\u00f3 nhi\u1ec1u bi\u1ebfn th\u1ec3. C\u00e1c t\u00f9y ch\u1ecdn c\u00f3 th\u1ec3 \u0111\u01b0\u1ee3c ch\u1ecdn tr\u00ean trang s\u1ea3n ph\u1ea9m\t<\/span>\n<\/div><\/li>\n<li class=\"product type-product post-16611 status-publish outofstock product_cat-corsets product_cat-fall-is-falling product_cat-new-arrivals product_cat-top has-post-thumbnail taxable shipping-taxable purchasable product-type-variable\">\n\t<div style=\"\" id=\"ws247-piew-product-16611\" class=\"ws247-piew-hover\"><a href=\"https:\/\/giangdonnaofficial.com\/vi\/san-pham\/cathy-top\/\" class=\"woocommerce-LoopProduct-link woocommerce-loop-product__link\"><div class=\"ws247-piew-imgs-container\"><img decoding=\"async\" width=\"1366\" height=\"2048\" src=\"https:\/\/giangdonnaofficial.com\/wp-content\/uploads\/2025\/11\/Thiet-ke-chua-co-ten-2025-10-31T234804.883.jpg\" class=\"attachment-woocommerce_thumbnail size-woocommerce_thumbnail\" alt=\"CATHY TOP\" srcset=\"https:\/\/giangdonnaofficial.com\/wp-content\/uploads\/2025\/11\/Thiet-ke-chua-co-ten-2025-10-31T234804.883.jpg 1366w, https:\/\/giangdonnaofficial.com\/wp-content\/uploads\/2025\/11\/Thiet-ke-chua-co-ten-2025-10-31T234804.883-200x300.jpg 200w, https:\/\/giangdonnaofficial.com\/wp-content\/uploads\/2025\/11\/Thiet-ke-chua-co-ten-2025-10-31T234804.883-683x1024.jpg 683w, https:\/\/giangdonnaofficial.com\/wp-content\/uploads\/2025\/11\/Thiet-ke-chua-co-ten-2025-10-31T234804.883-768x1151.jpg 768w, https:\/\/giangdonnaofficial.com\/wp-content\/uploads\/2025\/11\/Thiet-ke-chua-co-ten-2025-10-31T234804.883-1025x1536.jpg 1025w, https:\/\/giangdonnaofficial.com\/wp-content\/uploads\/2025\/11\/Thiet-ke-chua-co-ten-2025-10-31T234804.883-8x12.jpg 8w, https:\/\/giangdonnaofficial.com\/wp-content\/uploads\/2025\/11\/Thiet-ke-chua-co-ten-2025-10-31T234804.883-64x96.jpg 64w\" sizes=\"(max-width: 1366px) 100vw, 1366px\" \/><img decoding=\"async\" src=\"https:\/\/giangdonnaofficial.com\/wp-content\/uploads\/2025\/11\/Thiet-ke-chua-co-ten-2025-10-31T235948.288.jpg\" alt=\"CATHY TOP\" class=\"ws-hover-img\" \/><\/div><!-- .ws247-piew-imgs-container --><h2 class=\"woocommerce-loop-product__title\">CATHY TOP<\/h2>\n\t<span class=\"price\"><span class=\"wcpbc-price wcpbc-price-16611\" data-product-id=\"16611\"><span class=\"woocommerce-Price-amount amount\"><bdi>790.000&nbsp;<span class=\"woocommerce-Price-currencySymbol\">&#8363;<\/span><\/bdi><\/span><\/span><\/span>\n<\/a><a href=\"https:\/\/giangdonnaofficial.com\/vi\/san-pham\/cathy-top\/\" aria-describedby=\"woocommerce_loop_add_to_cart_link_describedby_16611\" data-quantity=\"1\" class=\"button product_type_variable cfvsw_ajax_add_to_cart ws247_piew_atc\" data-product_id=\"16611\" data-product_sku=\"\" aria-label=\"L\u1ef1a ch\u1ecdn cho \u201cCATHY TOP\u201d\" rel=\"nofollow\" data-add_to_cart_text=\"Add to Cart\" data-select_options_text=\"L\u1ef1a ch\u1ecdn t\u00f9y ch\u1ecdn\" data-no-translation=\"\" data-trp-gettext=\"\" data-no-translation-aria-label=\"\" data-no-translation-data-select_options_text=\"\">L\u1ef1a ch\u1ecdn t\u00f9y ch\u1ecdn<\/a>\t<span id=\"woocommerce_loop_add_to_cart_link_describedby_16611\" class=\"screen-reader-text\">\n\t\tS\u1ea3n ph\u1ea9m n\u00e0y c\u00f3 nhi\u1ec1u bi\u1ebfn th\u1ec3. C\u00e1c t\u00f9y ch\u1ecdn c\u00f3 th\u1ec3 \u0111\u01b0\u1ee3c ch\u1ecdn tr\u00ean trang s\u1ea3n ph\u1ea9m\t<\/span>\n<\/div><\/li>\n<li class=\"product type-product post-16285 status-publish last outofstock product_cat-best-seller product_cat-corsets product_cat-new-arrivals product_cat-top product_cat-undershe has-post-thumbnail taxable shipping-taxable purchasable product-type-variable\">\n\t<div style=\"\" id=\"ws247-piew-product-16285\" class=\"ws247-piew-hover\"><a href=\"https:\/\/giangdonnaofficial.com\/vi\/san-pham\/karlie-corset-top\/\" class=\"woocommerce-LoopProduct-link woocommerce-loop-product__link\"><div class=\"ws247-piew-imgs-container\"><img loading=\"lazy\" decoding=\"async\" width=\"1920\" height=\"2560\" src=\"https:\/\/giangdonnaofficial.com\/wp-content\/uploads\/2025\/09\/GEORGINA-MINI-SKIRT-1290000-SKIRT-_-KARLIE-CORSET-TOP-790.000-TOP.jpg\" class=\"attachment-woocommerce_thumbnail size-woocommerce_thumbnail\" alt=\"KARLIE CORSET TOP\" srcset=\"https:\/\/giangdonnaofficial.com\/wp-content\/uploads\/2025\/09\/GEORGINA-MINI-SKIRT-1290000-SKIRT-_-KARLIE-CORSET-TOP-790.000-TOP.jpg 1920w, https:\/\/giangdonnaofficial.com\/wp-content\/uploads\/2025\/09\/GEORGINA-MINI-SKIRT-1290000-SKIRT-_-KARLIE-CORSET-TOP-790.000-TOP-64x85.jpg 64w, https:\/\/giangdonnaofficial.com\/wp-content\/uploads\/2025\/09\/GEORGINA-MINI-SKIRT-1290000-SKIRT-_-KARLIE-CORSET-TOP-790.000-TOP-800x1067.jpg 800w, https:\/\/giangdonnaofficial.com\/wp-content\/uploads\/2025\/09\/GEORGINA-MINI-SKIRT-1290000-SKIRT-_-KARLIE-CORSET-TOP-790.000-TOP-225x300.jpg 225w, https:\/\/giangdonnaofficial.com\/wp-content\/uploads\/2025\/09\/GEORGINA-MINI-SKIRT-1290000-SKIRT-_-KARLIE-CORSET-TOP-790.000-TOP-768x1024.jpg 768w, https:\/\/giangdonnaofficial.com\/wp-content\/uploads\/2025\/09\/GEORGINA-MINI-SKIRT-1290000-SKIRT-_-KARLIE-CORSET-TOP-790.000-TOP-1152x1536.jpg 1152w, https:\/\/giangdonnaofficial.com\/wp-content\/uploads\/2025\/09\/GEORGINA-MINI-SKIRT-1290000-SKIRT-_-KARLIE-CORSET-TOP-790.000-TOP-1536x2048.jpg 1536w, https:\/\/giangdonnaofficial.com\/wp-content\/uploads\/2025\/09\/GEORGINA-MINI-SKIRT-1290000-SKIRT-_-KARLIE-CORSET-TOP-790.000-TOP-9x12.jpg 9w\" sizes=\"(max-width: 1920px) 100vw, 1920px\" \/><img decoding=\"async\" src=\"https:\/\/giangdonnaofficial.com\/wp-content\/uploads\/2025\/09\/GEORGINA-MINI-SKIRT-1290000-SKIRT-_-KARLIE-CORSET-TOP-790.000-TOP3.jpg\" alt=\"KARLIE CORSET TOP\" class=\"ws-hover-img\" \/><\/div><!-- .ws247-piew-imgs-container --><h2 class=\"woocommerce-loop-product__title\">KARLIE CORSET TOP<\/h2>\n\t<span class=\"price\"><span class=\"wcpbc-price wcpbc-price-16285\" data-product-id=\"16285\"><span class=\"woocommerce-Price-amount amount\"><bdi>790.000&nbsp;<span class=\"woocommerce-Price-currencySymbol\">&#8363;<\/span><\/bdi><\/span><\/span><\/span>\n<\/a><a href=\"https:\/\/giangdonnaofficial.com\/vi\/san-pham\/karlie-corset-top\/\" aria-describedby=\"woocommerce_loop_add_to_cart_link_describedby_16285\" data-quantity=\"1\" class=\"button product_type_variable cfvsw_ajax_add_to_cart ws247_piew_atc\" data-product_id=\"16285\" data-product_sku=\"\" aria-label=\"L\u1ef1a ch\u1ecdn cho \u201cKARLIE CORSET TOP\u201d\" rel=\"nofollow\" data-add_to_cart_text=\"Add to Cart\" data-select_options_text=\"L\u1ef1a ch\u1ecdn t\u00f9y ch\u1ecdn\" data-no-translation=\"\" data-trp-gettext=\"\" data-no-translation-aria-label=\"\" data-no-translation-data-select_options_text=\"\">L\u1ef1a ch\u1ecdn t\u00f9y ch\u1ecdn<\/a>\t<span id=\"woocommerce_loop_add_to_cart_link_describedby_16285\" class=\"screen-reader-text\">\n\t\tS\u1ea3n ph\u1ea9m n\u00e0y c\u00f3 nhi\u1ec1u bi\u1ebfn th\u1ec3. C\u00e1c t\u00f9y ch\u1ecdn c\u00f3 th\u1ec3 \u0111\u01b0\u1ee3c ch\u1ecdn tr\u00ean trang s\u1ea3n ph\u1ea9m\t<\/span>\n<\/div><\/li>\n<li class=\"product type-product post-16272 status-publish first outofstock product_cat-corsets product_cat-new-arrivals product_cat-top product_cat-undershe has-post-thumbnail taxable shipping-taxable purchasable product-type-variable\">\n\t<div style=\"\" id=\"ws247-piew-product-16272\" class=\"ws247-piew-hover\"><a href=\"https:\/\/giangdonnaofficial.com\/vi\/san-pham\/verse-corset-top\/\" class=\"woocommerce-LoopProduct-link woocommerce-loop-product__link\"><div class=\"ws247-piew-imgs-container\"><img loading=\"lazy\" decoding=\"async\" width=\"1920\" height=\"2560\" src=\"https:\/\/giangdonnaofficial.com\/wp-content\/uploads\/2025\/09\/JACOB-BLACK-TROUSERS-890.000-PANT-_-VERSE-CORSET-TOP-990.000-TOP2.jpg\" class=\"attachment-woocommerce_thumbnail size-woocommerce_thumbnail\" alt=\"VERSE CORSET TOP\" srcset=\"https:\/\/giangdonnaofficial.com\/wp-content\/uploads\/2025\/09\/JACOB-BLACK-TROUSERS-890.000-PANT-_-VERSE-CORSET-TOP-990.000-TOP2.jpg 1920w, https:\/\/giangdonnaofficial.com\/wp-content\/uploads\/2025\/09\/JACOB-BLACK-TROUSERS-890.000-PANT-_-VERSE-CORSET-TOP-990.000-TOP2-64x85.jpg 64w, https:\/\/giangdonnaofficial.com\/wp-content\/uploads\/2025\/09\/JACOB-BLACK-TROUSERS-890.000-PANT-_-VERSE-CORSET-TOP-990.000-TOP2-800x1067.jpg 800w, https:\/\/giangdonnaofficial.com\/wp-content\/uploads\/2025\/09\/JACOB-BLACK-TROUSERS-890.000-PANT-_-VERSE-CORSET-TOP-990.000-TOP2-225x300.jpg 225w, https:\/\/giangdonnaofficial.com\/wp-content\/uploads\/2025\/09\/JACOB-BLACK-TROUSERS-890.000-PANT-_-VERSE-CORSET-TOP-990.000-TOP2-768x1024.jpg 768w, https:\/\/giangdonnaofficial.com\/wp-content\/uploads\/2025\/09\/JACOB-BLACK-TROUSERS-890.000-PANT-_-VERSE-CORSET-TOP-990.000-TOP2-1152x1536.jpg 1152w, https:\/\/giangdonnaofficial.com\/wp-content\/uploads\/2025\/09\/JACOB-BLACK-TROUSERS-890.000-PANT-_-VERSE-CORSET-TOP-990.000-TOP2-1536x2048.jpg 1536w, https:\/\/giangdonnaofficial.com\/wp-content\/uploads\/2025\/09\/JACOB-BLACK-TROUSERS-890.000-PANT-_-VERSE-CORSET-TOP-990.000-TOP2-9x12.jpg 9w\" sizes=\"(max-width: 1920px) 100vw, 1920px\" \/><img decoding=\"async\" src=\"https:\/\/giangdonnaofficial.com\/wp-content\/uploads\/2025\/09\/JACOB-BLACK-TROUSERS-890.000-PANT-_-VERSE-CORSET-TOP-990.000-TOP3.jpg\" alt=\"VERSE CORSET TOP\" class=\"ws-hover-img\" \/><\/div><!-- .ws247-piew-imgs-container --><h2 class=\"woocommerce-loop-product__title\">VERSE CORSET TOP<\/h2>\n\t<span class=\"price\"><span class=\"wcpbc-price wcpbc-price-16272\" data-product-id=\"16272\"><span class=\"woocommerce-Price-amount amount\"><bdi>990.000&nbsp;<span class=\"woocommerce-Price-currencySymbol\">&#8363;<\/span><\/bdi><\/span><\/span><\/span>\n<\/a><a href=\"https:\/\/giangdonnaofficial.com\/vi\/san-pham\/verse-corset-top\/\" aria-describedby=\"woocommerce_loop_add_to_cart_link_describedby_16272\" data-quantity=\"1\" class=\"button product_type_variable cfvsw_ajax_add_to_cart ws247_piew_atc\" data-product_id=\"16272\" data-product_sku=\"\" aria-label=\"L\u1ef1a ch\u1ecdn cho \u201cVERSE CORSET TOP\u201d\" rel=\"nofollow\" data-add_to_cart_text=\"Add to Cart\" data-select_options_text=\"L\u1ef1a ch\u1ecdn t\u00f9y ch\u1ecdn\" data-no-translation=\"\" data-trp-gettext=\"\" data-no-translation-aria-label=\"\" data-no-translation-data-select_options_text=\"\">L\u1ef1a ch\u1ecdn t\u00f9y ch\u1ecdn<\/a>\t<span id=\"woocommerce_loop_add_to_cart_link_describedby_16272\" class=\"screen-reader-text\">\n\t\tS\u1ea3n ph\u1ea9m n\u00e0y c\u00f3 nhi\u1ec1u bi\u1ebfn th\u1ec3. C\u00e1c t\u00f9y ch\u1ecdn c\u00f3 th\u1ec3 \u0111\u01b0\u1ee3c ch\u1ecdn tr\u00ean trang s\u1ea3n ph\u1ea9m\t<\/span>\n<\/div><\/li>\n<li class=\"product type-product post-16107 status-publish outofstock product_cat-corsets product_cat-seaisme has-post-thumbnail taxable shipping-taxable purchasable product-type-variable\">\n\t<div style=\"\" id=\"ws247-piew-product-16107\" class=\"ws247-piew-hover\"><a href=\"https:\/\/giangdonnaofficial.com\/vi\/san-pham\/feral-corset-set\/\" class=\"woocommerce-LoopProduct-link woocommerce-loop-product__link\"><div class=\"ws247-piew-imgs-container\"><img loading=\"lazy\" decoding=\"async\" width=\"1707\" height=\"2560\" src=\"https:\/\/giangdonnaofficial.com\/wp-content\/uploads\/2025\/09\/FERAL-CORSET-SET-990000_-SET3.jpg\" class=\"attachment-woocommerce_thumbnail size-woocommerce_thumbnail\" alt=\"FERAL CORSET SET\" srcset=\"https:\/\/giangdonnaofficial.com\/wp-content\/uploads\/2025\/09\/FERAL-CORSET-SET-990000_-SET3.jpg 1707w, https:\/\/giangdonnaofficial.com\/wp-content\/uploads\/2025\/09\/FERAL-CORSET-SET-990000_-SET3-64x96.jpg 64w, https:\/\/giangdonnaofficial.com\/wp-content\/uploads\/2025\/09\/FERAL-CORSET-SET-990000_-SET3-800x1200.jpg 800w, https:\/\/giangdonnaofficial.com\/wp-content\/uploads\/2025\/09\/FERAL-CORSET-SET-990000_-SET3-200x300.jpg 200w, https:\/\/giangdonnaofficial.com\/wp-content\/uploads\/2025\/09\/FERAL-CORSET-SET-990000_-SET3-683x1024.jpg 683w, https:\/\/giangdonnaofficial.com\/wp-content\/uploads\/2025\/09\/FERAL-CORSET-SET-990000_-SET3-768x1152.jpg 768w, https:\/\/giangdonnaofficial.com\/wp-content\/uploads\/2025\/09\/FERAL-CORSET-SET-990000_-SET3-1024x1536.jpg 1024w, https:\/\/giangdonnaofficial.com\/wp-content\/uploads\/2025\/09\/FERAL-CORSET-SET-990000_-SET3-1366x2048.jpg 1366w, https:\/\/giangdonnaofficial.com\/wp-content\/uploads\/2025\/09\/FERAL-CORSET-SET-990000_-SET3-8x12.jpg 8w\" sizes=\"(max-width: 1707px) 100vw, 1707px\" \/><img decoding=\"async\" src=\"https:\/\/giangdonnaofficial.com\/wp-content\/uploads\/2025\/09\/FERAL-CORSET-SET-990000_-SET5.jpg\" alt=\"FERAL CORSET SET\" class=\"ws-hover-img\" \/><\/div><!-- .ws247-piew-imgs-container --><h2 class=\"woocommerce-loop-product__title\">FERAL CORSET SET<\/h2>\n\t<span class=\"price\"><span class=\"wcpbc-price wcpbc-price-16107\" data-product-id=\"16107\"><span class=\"woocommerce-Price-amount amount\"><bdi>990.000&nbsp;<span class=\"woocommerce-Price-currencySymbol\">&#8363;<\/span><\/bdi><\/span><\/span><\/span>\n<\/a><a href=\"https:\/\/giangdonnaofficial.com\/vi\/san-pham\/feral-corset-set\/\" aria-describedby=\"woocommerce_loop_add_to_cart_link_describedby_16107\" data-quantity=\"1\" class=\"button product_type_variable cfvsw_ajax_add_to_cart ws247_piew_atc\" data-product_id=\"16107\" data-product_sku=\"\" aria-label=\"L\u1ef1a ch\u1ecdn cho \u201cFERAL CORSET SET\u201d\" rel=\"nofollow\" data-add_to_cart_text=\"Add to Cart\" data-select_options_text=\"L\u1ef1a ch\u1ecdn t\u00f9y ch\u1ecdn\" data-no-translation=\"\" data-trp-gettext=\"\" data-no-translation-aria-label=\"\" data-no-translation-data-select_options_text=\"\">L\u1ef1a ch\u1ecdn t\u00f9y ch\u1ecdn<\/a>\t<span id=\"woocommerce_loop_add_to_cart_link_describedby_16107\" class=\"screen-reader-text\">\n\t\tS\u1ea3n ph\u1ea9m n\u00e0y c\u00f3 nhi\u1ec1u bi\u1ebfn th\u1ec3. C\u00e1c t\u00f9y ch\u1ecdn c\u00f3 th\u1ec3 \u0111\u01b0\u1ee3c ch\u1ecdn tr\u00ean trang s\u1ea3n ph\u1ea9m\t<\/span>\n<\/div><\/li>\n<\/ul>\n<\/div>\n<\/div>\n\t\t\t\t\t\t<\/div>\n\t\t\t\t<\/div>\n\t\t\t\t<\/div>","protected":false},"excerpt":{"rendered":"","protected":false},"author":1,"featured_media":0,"parent":0,"menu_order":0,"comment_status":"closed","ping_status":"closed","template":"elementor_canvas","meta":{"footnotes":""},"class_list":["post-15899","page","type-page","status-publish","hentry"],"_links":{"self":[{"href":"https:\/\/giangdonnaofficial.com\/vi\/wp-json\/wp\/v2\/pages\/15899","targetHints":{"allow":["GET"]}}],"collection":[{"href":"https:\/\/giangdonnaofficial.com\/vi\/wp-json\/wp\/v2\/pages"}],"about":[{"href":"https:\/\/giangdonnaofficial.com\/vi\/wp-json\/wp\/v2\/types\/page"}],"author":[{"embeddable":true,"href":"https:\/\/giangdonnaofficial.com\/vi\/wp-json\/wp\/v2\/users\/1"}],"replies":[{"embeddable":true,"href":"https:\/\/giangdonnaofficial.com\/vi\/wp-json\/wp\/v2\/comments?post=15899"}],"version-history":[{"count":4,"href":"https:\/\/giangdonnaofficial.com\/vi\/wp-json\/wp\/v2\/pages\/15899\/revisions"}],"predecessor-version":[{"id":15909,"href":"https:\/\/giangdonnaofficial.com\/vi\/wp-json\/wp\/v2\/pages\/15899\/revisions\/15909"}],"wp:attachment":[{"href":"https:\/\/giangdonnaofficial.com\/vi\/wp-json\/wp\/v2\/media?parent=15899"}],"curies":[{"name":"wp","href":"https:\/\/api.w.org\/{rel}","templated":true}]}}