{"id":15898,"date":"2025-09-10T16:29:37","date_gmt":"2025-09-10T16:29:37","guid":{"rendered":"https:\/\/giangdonnaofficial.com\/?page_id=15898"},"modified":"2025-09-19T04:54:21","modified_gmt":"2025-09-19T04:54:21","slug":"jumpsuits","status":"publish","type":"page","link":"https:\/\/giangdonnaofficial.com\/vi\/jumpsuits\/","title":{"rendered":"Jumpsuits"},"content":{"rendered":"<div data-elementor-type=\"wp-page\" data-elementor-id=\"15898\" class=\"elementor elementor-15898\" data-elementor-post-type=\"page\">\n\t\t\t\t<div class=\"elementor-element elementor-element-a530c93 e-con-full e-flex wpr-particle-no wpr-jarallax-no wpr-parallax-no wpr-sticky-section-no e-con e-parent\" data-id=\"a530c93\" data-element_type=\"container\">\n\t\t\t\t<div class=\"elementor-element elementor-element-0117a59 elementor-widget elementor-widget-shortcode\" data-id=\"0117a59\" data-element_type=\"widget\" data-widget_type=\"shortcode.default\">\n\t\t\t\t\t\t\t<div class=\"elementor-shortcode\"><div class=\"woocommerce columns-4\">        <div class=\"qa-fanci-toolbar qaft-v121\" role=\"region\" aria-label=\"Product toolbar\">\n            <div class=\"qaft-side qaft-left\">\n                <details class=\"qaft-details\">\n                  <summary class=\"qaft-btn\" data-no-translation=\"\" data-trp-gettext=\"\">S\u1eafp x\u1ebfp theo<\/summary>\n                  <form class=\"qaft-radio-list\" method=\"get\" action=\"\" data-trp-original-action=\"\">\n                                          <label for=\"qaft-order-menu_order\" class=\"qaft-radio\">\n                        <input type=\"radio\" id=\"qaft-order-menu_order\" name=\"orderby\" value=\"menu_order\" checked>\n                        <span class=\"qaft-radio-text\" data-no-translation=\"\" data-trp-gettext=\"\">M\u1eb7c \u0111\u1ecbnh<\/span>\n                      <\/label>\n                                          <label for=\"qaft-order-popularity\" class=\"qaft-radio\">\n                        <input type=\"radio\" id=\"qaft-order-popularity\" name=\"orderby\" value=\"popularity\" >\n                        <span class=\"qaft-radio-text\" data-no-translation=\"\" data-trp-gettext=\"\">Ph\u1ed5 bi\u1ebfn<\/span>\n                      <\/label>\n                                          <label for=\"qaft-order-rating\" class=\"qaft-radio\">\n                        <input type=\"radio\" id=\"qaft-order-rating\" name=\"orderby\" value=\"rating\" >\n                        <span class=\"qaft-radio-text\" data-no-translation=\"\" data-trp-gettext=\"\">\u0110\u00e1nh gi\u00e1 trung b\u00ecnh<\/span>\n                      <\/label>\n                                          <label for=\"qaft-order-date\" class=\"qaft-radio\">\n                        <input type=\"radio\" id=\"qaft-order-date\" name=\"orderby\" value=\"date\" >\n                        <span class=\"qaft-radio-text\" data-no-translation=\"\" data-trp-gettext=\"\">M\u1edbi nh\u1ea5t<\/span>\n                      <\/label>\n                                          <label for=\"qaft-order-price\" class=\"qaft-radio\">\n                        <input type=\"radio\" id=\"qaft-order-price\" name=\"orderby\" value=\"price\" >\n                        <span class=\"qaft-radio-text\" data-no-translation=\"\" data-trp-gettext=\"\">Price: Low to High<\/span>\n                      <\/label>\n                                          <label for=\"qaft-order-price-desc\" class=\"qaft-radio\">\n                        <input type=\"radio\" id=\"qaft-order-price-desc\" name=\"orderby\" value=\"price-desc\" >\n                        <span class=\"qaft-radio-text\" data-no-translation=\"\" data-trp-gettext=\"\">Price: High to Low<\/span>\n                      <\/label>\n                                                            <button type=\"submit\" class=\"qaft-apply\" data-no-translation=\"\" data-trp-gettext=\"\">\u00c1p d\u1ee5ng<\/button>\n                  <input type=\"hidden\" name=\"trp-form-language\" value=\"vi\"\/><\/form>\n                <\/details>\n            <\/div>\n\n            <div class=\"qaft-center\">\n                                    <div class=\"qaft-title\">Jumpsuit<\/div>\n                                <div class=\"qaft-count\">5 products<\/div>\n            <\/div>\n\n            <div class=\"qaft-side qaft-right\">\n                <a href=\"#\" class=\"qaft-btn qaft-filter-toggle\" data-no-translation=\"\" data-trp-gettext=\"\">L\u1ecdc<\/a>\n            <\/div>\n        <\/div>\n        <div class=\"woocommerce-notices-wrapper\"><\/div><ul class=\"products columns-4\">\n<li class=\"product type-product post-16130 status-publish first outofstock product_cat-jumpsuit product_cat-seaisme has-post-thumbnail taxable shipping-taxable purchasable product-type-variable\">\n\t<div style=\"\" id=\"ws247-piew-product-16130\" class=\"ws247-piew-hover\"><a href=\"https:\/\/giangdonnaofficial.com\/vi\/san-pham\/luxe-strapless-jumpsuit\/\" class=\"woocommerce-LoopProduct-link woocommerce-loop-product__link\"><div class=\"ws247-piew-imgs-container\"><img fetchpriority=\"high\" decoding=\"async\" width=\"1707\" height=\"2560\" src=\"https:\/\/giangdonnaofficial.com\/wp-content\/uploads\/2025\/09\/LUXE-STRAPLESS-JUMPSUIT-1490000-JUMPSUIT6.jpg\" class=\"attachment-woocommerce_thumbnail size-woocommerce_thumbnail\" alt=\"LUXE STRAPLESS JUMPSUIT\" srcset=\"https:\/\/giangdonnaofficial.com\/wp-content\/uploads\/2025\/09\/LUXE-STRAPLESS-JUMPSUIT-1490000-JUMPSUIT6.jpg 1707w, https:\/\/giangdonnaofficial.com\/wp-content\/uploads\/2025\/09\/LUXE-STRAPLESS-JUMPSUIT-1490000-JUMPSUIT6-64x96.jpg 64w, https:\/\/giangdonnaofficial.com\/wp-content\/uploads\/2025\/09\/LUXE-STRAPLESS-JUMPSUIT-1490000-JUMPSUIT6-800x1200.jpg 800w, https:\/\/giangdonnaofficial.com\/wp-content\/uploads\/2025\/09\/LUXE-STRAPLESS-JUMPSUIT-1490000-JUMPSUIT6-200x300.jpg 200w, https:\/\/giangdonnaofficial.com\/wp-content\/uploads\/2025\/09\/LUXE-STRAPLESS-JUMPSUIT-1490000-JUMPSUIT6-683x1024.jpg 683w, https:\/\/giangdonnaofficial.com\/wp-content\/uploads\/2025\/09\/LUXE-STRAPLESS-JUMPSUIT-1490000-JUMPSUIT6-768x1152.jpg 768w, https:\/\/giangdonnaofficial.com\/wp-content\/uploads\/2025\/09\/LUXE-STRAPLESS-JUMPSUIT-1490000-JUMPSUIT6-1024x1536.jpg 1024w, https:\/\/giangdonnaofficial.com\/wp-content\/uploads\/2025\/09\/LUXE-STRAPLESS-JUMPSUIT-1490000-JUMPSUIT6-1366x2048.jpg 1366w, https:\/\/giangdonnaofficial.com\/wp-content\/uploads\/2025\/09\/LUXE-STRAPLESS-JUMPSUIT-1490000-JUMPSUIT6-8x12.jpg 8w\" sizes=\"(max-width: 1707px) 100vw, 1707px\" \/><img decoding=\"async\" src=\"https:\/\/giangdonnaofficial.com\/wp-content\/uploads\/2025\/09\/LUXE-STRAPLESS-JUMPSUIT-1490000-JUMPSUIT1-1.jpg\" alt=\"LUXE STRAPLESS JUMPSUIT\" class=\"ws-hover-img\" \/><\/div><!-- .ws247-piew-imgs-container --><h2 class=\"woocommerce-loop-product__title\">LUXE STRAPLESS JUMPSUIT<\/h2>\n\t<span class=\"price\"><span class=\"wcpbc-price wcpbc-price-16130\" data-product-id=\"16130\"><span class=\"woocommerce-Price-amount amount\"><bdi>1.490.000&nbsp;<span class=\"woocommerce-Price-currencySymbol\">&#8363;<\/span><\/bdi><\/span><\/span><\/span>\n<\/a><a href=\"https:\/\/giangdonnaofficial.com\/vi\/san-pham\/luxe-strapless-jumpsuit\/\" aria-describedby=\"woocommerce_loop_add_to_cart_link_describedby_16130\" data-quantity=\"1\" class=\"button product_type_variable cfvsw_ajax_add_to_cart ws247_piew_atc\" data-product_id=\"16130\" data-product_sku=\"\" aria-label=\"L\u1ef1a ch\u1ecdn cho \u201cLUXE STRAPLESS JUMPSUIT\u201d\" rel=\"nofollow\" data-add_to_cart_text=\"Add to Cart\" data-select_options_text=\"L\u1ef1a ch\u1ecdn t\u00f9y ch\u1ecdn\" data-no-translation=\"\" data-trp-gettext=\"\" data-no-translation-aria-label=\"\" data-no-translation-data-select_options_text=\"\">L\u1ef1a ch\u1ecdn t\u00f9y ch\u1ecdn<\/a>\t<span id=\"woocommerce_loop_add_to_cart_link_describedby_16130\" class=\"screen-reader-text\">\n\t\tS\u1ea3n ph\u1ea9m n\u00e0y c\u00f3 nhi\u1ec1u bi\u1ebfn th\u1ec3. C\u00e1c t\u00f9y ch\u1ecdn c\u00f3 th\u1ec3 \u0111\u01b0\u1ee3c ch\u1ecdn tr\u00ean trang s\u1ea3n ph\u1ea9m\t<\/span>\n<\/div><\/li>\n<li class=\"product type-product post-15477 status-publish instock product_cat-best-seller product_cat-dress product_cat-jumpsuit product_cat-undershe has-post-thumbnail taxable shipping-taxable purchasable product-type-variable\">\n\t<div style=\"\" id=\"ws247-piew-product-15477\" class=\"ws247-piew-hover\"><a href=\"https:\/\/giangdonnaofficial.com\/vi\/san-pham\/velvet-whisper-dress\/\" class=\"woocommerce-LoopProduct-link woocommerce-loop-product__link\"><div class=\"ws247-piew-imgs-container\"><img decoding=\"async\" width=\"1920\" height=\"2560\" src=\"https:\/\/giangdonnaofficial.com\/wp-content\/uploads\/2025\/09\/VELVET-WHISPER-DRESS-1190000-DRESS2-1.jpg\" class=\"attachment-woocommerce_thumbnail size-woocommerce_thumbnail\" alt=\"VELVET WHISPER DRESS\" srcset=\"https:\/\/giangdonnaofficial.com\/wp-content\/uploads\/2025\/09\/VELVET-WHISPER-DRESS-1190000-DRESS2-1.jpg 1920w, https:\/\/giangdonnaofficial.com\/wp-content\/uploads\/2025\/09\/VELVET-WHISPER-DRESS-1190000-DRESS2-1-64x85.jpg 64w, https:\/\/giangdonnaofficial.com\/wp-content\/uploads\/2025\/09\/VELVET-WHISPER-DRESS-1190000-DRESS2-1-800x1067.jpg 800w, https:\/\/giangdonnaofficial.com\/wp-content\/uploads\/2025\/09\/VELVET-WHISPER-DRESS-1190000-DRESS2-1-225x300.jpg 225w, https:\/\/giangdonnaofficial.com\/wp-content\/uploads\/2025\/09\/VELVET-WHISPER-DRESS-1190000-DRESS2-1-768x1024.jpg 768w, https:\/\/giangdonnaofficial.com\/wp-content\/uploads\/2025\/09\/VELVET-WHISPER-DRESS-1190000-DRESS2-1-1152x1536.jpg 1152w, https:\/\/giangdonnaofficial.com\/wp-content\/uploads\/2025\/09\/VELVET-WHISPER-DRESS-1190000-DRESS2-1-1536x2048.jpg 1536w, https:\/\/giangdonnaofficial.com\/wp-content\/uploads\/2025\/09\/VELVET-WHISPER-DRESS-1190000-DRESS2-1-9x12.jpg 9w\" sizes=\"(max-width: 1920px) 100vw, 1920px\" \/><img decoding=\"async\" src=\"https:\/\/giangdonnaofficial.com\/wp-content\/uploads\/2025\/09\/VELVET-WHISPER-DRESS-1190000-DRESS2.jpg\" alt=\"VELVET WHISPER DRESS\" class=\"ws-hover-img\" \/><\/div><!-- .ws247-piew-imgs-container --><h2 class=\"woocommerce-loop-product__title\">VELVET WHISPER DRESS<\/h2>\n\t<span class=\"price\"><span class=\"wcpbc-price wcpbc-price-15477\" data-product-id=\"15477\"><span class=\"woocommerce-Price-amount amount\"><bdi>1.190.000&nbsp;<span class=\"woocommerce-Price-currencySymbol\">&#8363;<\/span><\/bdi><\/span><\/span><\/span>\n<\/a><a href=\"https:\/\/giangdonnaofficial.com\/vi\/san-pham\/velvet-whisper-dress\/\" aria-describedby=\"woocommerce_loop_add_to_cart_link_describedby_15477\" data-quantity=\"1\" class=\"button product_type_variable add_to_cart_button cfvsw_ajax_add_to_cart ws247_piew_atc\" data-product_id=\"15477\" data-product_sku=\"\" aria-label=\"L\u1ef1a ch\u1ecdn cho \u201cVELVET WHISPER DRESS\u201d\" rel=\"nofollow\" data-add_to_cart_text=\"Add to Cart\" data-select_options_text=\"L\u1ef1a ch\u1ecdn t\u00f9y ch\u1ecdn\" data-no-translation=\"\" data-trp-gettext=\"\" data-no-translation-aria-label=\"\" data-no-translation-data-select_options_text=\"\">L\u1ef1a ch\u1ecdn t\u00f9y ch\u1ecdn<\/a>\t<span id=\"woocommerce_loop_add_to_cart_link_describedby_15477\" class=\"screen-reader-text\">\n\t\tS\u1ea3n ph\u1ea9m n\u00e0y c\u00f3 nhi\u1ec1u bi\u1ebfn th\u1ec3. C\u00e1c t\u00f9y ch\u1ecdn c\u00f3 th\u1ec3 \u0111\u01b0\u1ee3c ch\u1ecdn tr\u00ean trang s\u1ea3n ph\u1ea9m\t<\/span>\n<\/div><\/li>\n<li class=\"product type-product post-15473 status-publish outofstock product_cat-best-seller product_cat-jumpsuit product_cat-new-arrivals product_cat-undershe has-post-thumbnail taxable shipping-taxable purchasable product-type-variable\">\n\t<div style=\"\" id=\"ws247-piew-product-15473\" class=\"ws247-piew-hover\"><a href=\"https:\/\/giangdonnaofficial.com\/vi\/san-pham\/soler-pink-jumsuit-2\/\" class=\"woocommerce-LoopProduct-link woocommerce-loop-product__link\"><div class=\"ws247-piew-imgs-container\"><img decoding=\"async\" width=\"1920\" height=\"2560\" src=\"https:\/\/giangdonnaofficial.com\/wp-content\/uploads\/2025\/09\/SOLER-PINK-JUMSUIT-1290000-JUMPSUIT3.jpg\" class=\"attachment-woocommerce_thumbnail size-woocommerce_thumbnail\" alt=\"SOLER PINK JUMPSUIT\" srcset=\"https:\/\/giangdonnaofficial.com\/wp-content\/uploads\/2025\/09\/SOLER-PINK-JUMSUIT-1290000-JUMPSUIT3.jpg 1920w, https:\/\/giangdonnaofficial.com\/wp-content\/uploads\/2025\/09\/SOLER-PINK-JUMSUIT-1290000-JUMPSUIT3-64x85.jpg 64w, https:\/\/giangdonnaofficial.com\/wp-content\/uploads\/2025\/09\/SOLER-PINK-JUMSUIT-1290000-JUMPSUIT3-800x1067.jpg 800w, https:\/\/giangdonnaofficial.com\/wp-content\/uploads\/2025\/09\/SOLER-PINK-JUMSUIT-1290000-JUMPSUIT3-225x300.jpg 225w, https:\/\/giangdonnaofficial.com\/wp-content\/uploads\/2025\/09\/SOLER-PINK-JUMSUIT-1290000-JUMPSUIT3-768x1024.jpg 768w, https:\/\/giangdonnaofficial.com\/wp-content\/uploads\/2025\/09\/SOLER-PINK-JUMSUIT-1290000-JUMPSUIT3-1152x1536.jpg 1152w, https:\/\/giangdonnaofficial.com\/wp-content\/uploads\/2025\/09\/SOLER-PINK-JUMSUIT-1290000-JUMPSUIT3-1536x2048.jpg 1536w, https:\/\/giangdonnaofficial.com\/wp-content\/uploads\/2025\/09\/SOLER-PINK-JUMSUIT-1290000-JUMPSUIT3-9x12.jpg 9w\" sizes=\"(max-width: 1920px) 100vw, 1920px\" \/><img decoding=\"async\" src=\"https:\/\/giangdonnaofficial.com\/wp-content\/uploads\/2025\/09\/SOLER-PINK-JUMSUIT-1290000-JUMPSUIT-4.jpg\" alt=\"SOLER PINK JUMPSUIT\" class=\"ws-hover-img\" \/><\/div><!-- .ws247-piew-imgs-container --><h2 class=\"woocommerce-loop-product__title\">SOLER PINK JUMPSUIT<\/h2>\n\t<span class=\"price\"><span class=\"wcpbc-price wcpbc-price-15473\" data-product-id=\"15473\"><span class=\"woocommerce-Price-amount amount\"><bdi>1.290.000&nbsp;<span class=\"woocommerce-Price-currencySymbol\">&#8363;<\/span><\/bdi><\/span><\/span><\/span>\n<\/a><a href=\"https:\/\/giangdonnaofficial.com\/vi\/san-pham\/soler-pink-jumsuit-2\/\" aria-describedby=\"woocommerce_loop_add_to_cart_link_describedby_15473\" data-quantity=\"1\" class=\"button product_type_variable cfvsw_ajax_add_to_cart ws247_piew_atc\" data-product_id=\"15473\" data-product_sku=\"\" aria-label=\"L\u1ef1a ch\u1ecdn cho \u201cSOLER PINK JUMPSUIT\u201d\" rel=\"nofollow\" data-add_to_cart_text=\"Add to Cart\" data-select_options_text=\"L\u1ef1a ch\u1ecdn t\u00f9y ch\u1ecdn\" data-no-translation=\"\" data-trp-gettext=\"\" data-no-translation-aria-label=\"\" data-no-translation-data-select_options_text=\"\">L\u1ef1a ch\u1ecdn t\u00f9y ch\u1ecdn<\/a>\t<span id=\"woocommerce_loop_add_to_cart_link_describedby_15473\" class=\"screen-reader-text\">\n\t\tS\u1ea3n ph\u1ea9m n\u00e0y c\u00f3 nhi\u1ec1u bi\u1ebfn th\u1ec3. C\u00e1c t\u00f9y ch\u1ecdn c\u00f3 th\u1ec3 \u0111\u01b0\u1ee3c ch\u1ecdn tr\u00ean trang s\u1ea3n ph\u1ea9m\t<\/span>\n<\/div><\/li>\n<li class=\"product type-product post-15451 status-publish last instock product_cat-best-seller product_cat-jumpsuit product_cat-new-arrivals product_cat-undershe has-post-thumbnail taxable shipping-taxable purchasable product-type-variable\">\n\t<div style=\"\" id=\"ws247-piew-product-15451\" class=\"ws247-piew-hover\"><a href=\"https:\/\/giangdonnaofficial.com\/vi\/san-pham\/noir-lumen-jumsuit\/\" class=\"woocommerce-LoopProduct-link woocommerce-loop-product__link\"><div class=\"ws247-piew-imgs-container\"><img loading=\"lazy\" decoding=\"async\" width=\"1920\" height=\"2560\" src=\"https:\/\/giangdonnaofficial.com\/wp-content\/uploads\/2025\/09\/NOIR-LUMEN-JUMSUIT-1090000-JUMPSUIT1.jpg\" class=\"attachment-woocommerce_thumbnail size-woocommerce_thumbnail\" alt=\"NOIR LUMEN JUMPSUIT\" srcset=\"https:\/\/giangdonnaofficial.com\/wp-content\/uploads\/2025\/09\/NOIR-LUMEN-JUMSUIT-1090000-JUMPSUIT1.jpg 1920w, https:\/\/giangdonnaofficial.com\/wp-content\/uploads\/2025\/09\/NOIR-LUMEN-JUMSUIT-1090000-JUMPSUIT1-64x85.jpg 64w, https:\/\/giangdonnaofficial.com\/wp-content\/uploads\/2025\/09\/NOIR-LUMEN-JUMSUIT-1090000-JUMPSUIT1-800x1067.jpg 800w, https:\/\/giangdonnaofficial.com\/wp-content\/uploads\/2025\/09\/NOIR-LUMEN-JUMSUIT-1090000-JUMPSUIT1-225x300.jpg 225w, https:\/\/giangdonnaofficial.com\/wp-content\/uploads\/2025\/09\/NOIR-LUMEN-JUMSUIT-1090000-JUMPSUIT1-768x1024.jpg 768w, https:\/\/giangdonnaofficial.com\/wp-content\/uploads\/2025\/09\/NOIR-LUMEN-JUMSUIT-1090000-JUMPSUIT1-1152x1536.jpg 1152w, https:\/\/giangdonnaofficial.com\/wp-content\/uploads\/2025\/09\/NOIR-LUMEN-JUMSUIT-1090000-JUMPSUIT1-1536x2048.jpg 1536w, https:\/\/giangdonnaofficial.com\/wp-content\/uploads\/2025\/09\/NOIR-LUMEN-JUMSUIT-1090000-JUMPSUIT1-9x12.jpg 9w\" sizes=\"(max-width: 1920px) 100vw, 1920px\" \/><img decoding=\"async\" src=\"https:\/\/giangdonnaofficial.com\/wp-content\/uploads\/2025\/09\/NOIR-LUMEN-JUMSUIT-1090000-JUMPSUIT3.jpg\" alt=\"NOIR LUMEN JUMPSUIT\" class=\"ws-hover-img\" \/><\/div><!-- .ws247-piew-imgs-container --><h2 class=\"woocommerce-loop-product__title\">NOIR LUMEN JUMPSUIT<\/h2>\n\t<span class=\"price\"><span class=\"wcpbc-price wcpbc-price-15451\" data-product-id=\"15451\"><span class=\"woocommerce-Price-amount amount\"><bdi>1.090.000&nbsp;<span class=\"woocommerce-Price-currencySymbol\">&#8363;<\/span><\/bdi><\/span><\/span><\/span>\n<\/a><a href=\"https:\/\/giangdonnaofficial.com\/vi\/san-pham\/noir-lumen-jumsuit\/\" aria-describedby=\"woocommerce_loop_add_to_cart_link_describedby_15451\" data-quantity=\"1\" class=\"button product_type_variable add_to_cart_button cfvsw_ajax_add_to_cart ws247_piew_atc\" data-product_id=\"15451\" data-product_sku=\"\" aria-label=\"L\u1ef1a ch\u1ecdn cho \u201cNOIR LUMEN JUMPSUIT\u201d\" rel=\"nofollow\" data-add_to_cart_text=\"Add to Cart\" data-select_options_text=\"L\u1ef1a ch\u1ecdn t\u00f9y ch\u1ecdn\" data-no-translation=\"\" data-trp-gettext=\"\" data-no-translation-aria-label=\"\" data-no-translation-data-select_options_text=\"\">L\u1ef1a ch\u1ecdn t\u00f9y ch\u1ecdn<\/a>\t<span id=\"woocommerce_loop_add_to_cart_link_describedby_15451\" class=\"screen-reader-text\">\n\t\tS\u1ea3n ph\u1ea9m n\u00e0y c\u00f3 nhi\u1ec1u bi\u1ebfn th\u1ec3. C\u00e1c t\u00f9y ch\u1ecdn c\u00f3 th\u1ec3 \u0111\u01b0\u1ee3c ch\u1ecdn tr\u00ean trang s\u1ea3n ph\u1ea9m\t<\/span>\n<\/div><\/li>\n<li class=\"product type-product post-15411 status-publish first instock product_cat-best-seller product_cat-jumpsuit product_cat-new-arrivals product_cat-undershe has-post-thumbnail taxable shipping-taxable purchasable product-type-variable\">\n\t<div style=\"\" id=\"ws247-piew-product-15411\" class=\"ws247-piew-hover\"><a href=\"https:\/\/giangdonnaofficial.com\/vi\/san-pham\/ashley-leather-jumpsuit\/\" class=\"woocommerce-LoopProduct-link woocommerce-loop-product__link\"><div class=\"ws247-piew-imgs-container\"><img loading=\"lazy\" decoding=\"async\" width=\"1920\" height=\"2560\" src=\"https:\/\/giangdonnaofficial.com\/wp-content\/uploads\/2025\/09\/ASHLEY-LEATHER-JUMPSUIT-1150000-JUMPSUIT1.jpg\" class=\"attachment-woocommerce_thumbnail size-woocommerce_thumbnail\" alt=\"ASHLEY LEATHER JUMPSUIT\" srcset=\"https:\/\/giangdonnaofficial.com\/wp-content\/uploads\/2025\/09\/ASHLEY-LEATHER-JUMPSUIT-1150000-JUMPSUIT1.jpg 1920w, https:\/\/giangdonnaofficial.com\/wp-content\/uploads\/2025\/09\/ASHLEY-LEATHER-JUMPSUIT-1150000-JUMPSUIT1-64x85.jpg 64w, https:\/\/giangdonnaofficial.com\/wp-content\/uploads\/2025\/09\/ASHLEY-LEATHER-JUMPSUIT-1150000-JUMPSUIT1-800x1067.jpg 800w, https:\/\/giangdonnaofficial.com\/wp-content\/uploads\/2025\/09\/ASHLEY-LEATHER-JUMPSUIT-1150000-JUMPSUIT1-225x300.jpg 225w, https:\/\/giangdonnaofficial.com\/wp-content\/uploads\/2025\/09\/ASHLEY-LEATHER-JUMPSUIT-1150000-JUMPSUIT1-768x1024.jpg 768w, https:\/\/giangdonnaofficial.com\/wp-content\/uploads\/2025\/09\/ASHLEY-LEATHER-JUMPSUIT-1150000-JUMPSUIT1-1152x1536.jpg 1152w, https:\/\/giangdonnaofficial.com\/wp-content\/uploads\/2025\/09\/ASHLEY-LEATHER-JUMPSUIT-1150000-JUMPSUIT1-1536x2048.jpg 1536w, https:\/\/giangdonnaofficial.com\/wp-content\/uploads\/2025\/09\/ASHLEY-LEATHER-JUMPSUIT-1150000-JUMPSUIT1-9x12.jpg 9w\" sizes=\"(max-width: 1920px) 100vw, 1920px\" \/><img decoding=\"async\" src=\"https:\/\/giangdonnaofficial.com\/wp-content\/uploads\/2025\/09\/ASHLEY-LEATHER-JUMPSUIT-1150000-JUMPSUIT2.jpg\" alt=\"ASHLEY LEATHER JUMPSUIT\" class=\"ws-hover-img\" \/><\/div><!-- .ws247-piew-imgs-container --><h2 class=\"woocommerce-loop-product__title\">ASHLEY LEATHER JUMPSUIT<\/h2>\n\t<span class=\"price\"><span class=\"wcpbc-price wcpbc-price-15411\" data-product-id=\"15411\"><span class=\"woocommerce-Price-amount amount\"><bdi>1.150.000&nbsp;<span class=\"woocommerce-Price-currencySymbol\">&#8363;<\/span><\/bdi><\/span><\/span><\/span>\n<\/a><a href=\"https:\/\/giangdonnaofficial.com\/vi\/san-pham\/ashley-leather-jumpsuit\/\" aria-describedby=\"woocommerce_loop_add_to_cart_link_describedby_15411\" data-quantity=\"1\" class=\"button product_type_variable add_to_cart_button cfvsw_ajax_add_to_cart ws247_piew_atc\" data-product_id=\"15411\" data-product_sku=\"\" aria-label=\"L\u1ef1a ch\u1ecdn cho \u201cASHLEY LEATHER JUMPSUIT\u201d\" rel=\"nofollow\" data-add_to_cart_text=\"Add to Cart\" data-select_options_text=\"L\u1ef1a ch\u1ecdn t\u00f9y ch\u1ecdn\" data-no-translation=\"\" data-trp-gettext=\"\" data-no-translation-aria-label=\"\" data-no-translation-data-select_options_text=\"\">L\u1ef1a ch\u1ecdn t\u00f9y ch\u1ecdn<\/a>\t<span id=\"woocommerce_loop_add_to_cart_link_describedby_15411\" class=\"screen-reader-text\">\n\t\tS\u1ea3n ph\u1ea9m n\u00e0y c\u00f3 nhi\u1ec1u bi\u1ebfn th\u1ec3. C\u00e1c t\u00f9y ch\u1ecdn c\u00f3 th\u1ec3 \u0111\u01b0\u1ee3c ch\u1ecdn tr\u00ean trang s\u1ea3n ph\u1ea9m\t<\/span>\n<\/div><\/li>\n<\/ul>\n<\/div>\n<\/div>\n\t\t\t\t\t\t<\/div>\n\t\t\t\t<\/div>\n\t\t\t\t<\/div>","protected":false},"excerpt":{"rendered":"","protected":false},"author":1,"featured_media":0,"parent":0,"menu_order":0,"comment_status":"closed","ping_status":"closed","template":"elementor_canvas","meta":{"footnotes":""},"class_list":["post-15898","page","type-page","status-publish","hentry"],"_links":{"self":[{"href":"https:\/\/giangdonnaofficial.com\/vi\/wp-json\/wp\/v2\/pages\/15898","targetHints":{"allow":["GET"]}}],"collection":[{"href":"https:\/\/giangdonnaofficial.com\/vi\/wp-json\/wp\/v2\/pages"}],"about":[{"href":"https:\/\/giangdonnaofficial.com\/vi\/wp-json\/wp\/v2\/types\/page"}],"author":[{"embeddable":true,"href":"https:\/\/giangdonnaofficial.com\/vi\/wp-json\/wp\/v2\/users\/1"}],"replies":[{"embeddable":true,"href":"https:\/\/giangdonnaofficial.com\/vi\/wp-json\/wp\/v2\/comments?post=15898"}],"version-history":[{"count":7,"href":"https:\/\/giangdonnaofficial.com\/vi\/wp-json\/wp\/v2\/pages\/15898\/revisions"}],"predecessor-version":[{"id":16141,"href":"https:\/\/giangdonnaofficial.com\/vi\/wp-json\/wp\/v2\/pages\/15898\/revisions\/16141"}],"wp:attachment":[{"href":"https:\/\/giangdonnaofficial.com\/vi\/wp-json\/wp\/v2\/media?parent=15898"}],"curies":[{"name":"wp","href":"https:\/\/api.w.org\/{rel}","templated":true}]}}